{"id":75241,"date":"2024-10-28T11:21:46","date_gmt":"2024-10-28T10:21:46","guid":{"rendered":"https:\/\/www.pillen.eu\/latest\/"},"modified":"2024-11-06T09:14:20","modified_gmt":"2024-11-06T08:14:20","slug":"aktuell","status":"publish","type":"page","link":"https:\/\/www.pillen.eu\/de\/aktuell\/","title":{"rendered":"Aktuell"},"content":{"rendered":"<p><div class=\"fusion-fullwidth fullwidth-box fusion-builder-row-1 has-pattern-background has-mask-background nonhundred-percent-fullwidth non-hundred-percent-height-scrolling\" style=\"--awb-border-radius-top-left:0px;--awb-border-radius-top-right:0px;--awb-border-radius-bottom-right:0px;--awb-border-radius-bottom-left:0px;--awb-padding-top:30px;--awb-padding-bottom:0px;--awb-margin-bottom:0px;--awb-background-color:#d6d6d6;--awb-flex-wrap:wrap;\" ><div class=\"fusion-builder-row fusion-row\"><div class=\"fusion-layout-column fusion_builder_column fusion-builder-column-0 fusion_builder_column_1_3 1_3 fusion-one-third fusion-column-first\" style=\"--awb-bg-size:cover;width:33.333333333333%;width:calc(33.333333333333% - ( ( 4% ) * 0.33333333333333 ) );margin-right: 4%;\"><div class=\"fusion-column-wrapper fusion-column-has-shadow fusion-flex-column-wrapper-legacy\"><div class=\"fusion-title title fusion-title-1 fusion-title-text fusion-title-size-two\" style=\"--awb-margin-bottom:0px;--awb-margin-top-small:10px;--awb-margin-right-small:0px;--awb-margin-bottom-small:10px;--awb-margin-left-small:0px;\"><h2 class=\"fusion-title-heading title-heading-left fusion-responsive-typography-calculated\" style=\"margin:0;--fontSize:32;line-height:1.5;\">Aktuell<\/h2><span class=\"awb-title-spacer\"><\/span><div class=\"title-sep-container\"><div class=\"title-sep sep-single sep-solid\" style=\"border-color:#0067b6;\"><\/div><\/div><\/div><div class=\"fusion-clearfix\"><\/div><\/div><\/div><div class=\"fusion-layout-column fusion_builder_column fusion-builder-column-1 fusion_builder_column_2_3 2_3 fusion-two-third fusion-column-last\" style=\"--awb-bg-size:cover;width:66.666666666667%;width:calc(66.666666666667% - ( ( 4% ) * 0.66666666666667 ) );\"><div class=\"fusion-column-wrapper fusion-column-has-shadow fusion-flex-column-wrapper-legacy\"><div class=\"fusion-text fusion-text-1\"><p>Bei der Pillen Group stehen wir nie still. Auf dieser Seite m\u00f6chten wir Sie \u00fcber unsere neuesten Projekte, interessante Messen und die neuesten Entwicklungen innerhalb unseres Unternehmens und unserer Branche auf dem Laufenden halten. Ob Sie nun neugierig auf unsere technischen Fortschritte sind, mehr \u00fcber unsere Blogs erfahren m\u00f6chten oder nach einer Messe suchen, auf der Sie uns treffen k\u00f6nnen &#8211; hier werden Sie f\u00fcndig. Entdecken Sie die Welt von Pillen und bleiben Sie mit unserer Leidenschaft f\u00fcr Handwerkskunst und Innovation verbunden!<\/p>\n<p><strong>Verbinden Sie sich mit Passion for engineering!<\/strong><\/p>\n<\/div><div class=\"fusion-clearfix\"><\/div><\/div><\/div><\/div><\/div><div class=\"fusion-fullwidth fullwidth-box fusion-builder-row-2 nonhundred-percent-fullwidth non-hundred-percent-height-scrolling\" style=\"--link_hover_color: #d21e36;--link_color: #d21e36;--awb-border-sizes-top:0px;--awb-border-sizes-bottom:0px;--awb-border-sizes-left:0px;--awb-border-sizes-right:0px;--awb-border-color:#d1d1d1;--awb-border-radius-top-left:0px;--awb-border-radius-top-right:0px;--awb-border-radius-bottom-right:0px;--awb-border-radius-bottom-left:0px;--awb-padding-top:51px;--awb-padding-bottom:50px;--awb-margin-bottom:0px;--awb-background-color:var(--awb-color1);--awb-flex-wrap:wrap;\" ><div class=\"fusion-builder-row fusion-row\"><div class=\"fusion-layout-column fusion_builder_column fusion-builder-column-2 fusion_builder_column_1_4 1_4 fusion-one-fourth fusion-column-first\" style=\"--awb-padding-top:30px;--awb-padding-right:50px;--awb-padding-bottom:20px;--awb-padding-left:50px;--awb-padding-top-medium:50px;--awb-padding-bottom-medium:50px;--awb-overflow:hidden;--awb-bg-color:#f7f7f4;--awb-bg-color-hover:#f7f7f4;--awb-bg-size:cover;--awb-border-radius:4px 4px 4px 4px;--awb-margin-bottom:0px;width:25%;width:calc(25% - ( ( 4% + 4% + 4% ) * 0.25 ) );margin-right: 4%;\"><div class=\"fusion-column-wrapper fusion-column-has-shadow fusion-flex-column-wrapper-legacy\"><div class=\"fusion-fa-align-center\"><i class=\"fb-icon-element-1 fb-icon-element fontawesome-icon fa-cogs fas circle-no\" style=\"--awb-iconcolor:#023e77;--awb-iconcolor-hover:#023e77;--awb-font-size:30px;--awb-margin-bottom:15px;\"><\/i><\/div><div class=\"fusion-title title fusion-title-2 fusion-title-center fusion-title-text fusion-title-size-three\" style=\"--awb-text-color:#023e77;--awb-margin-top:10px;--awb-margin-bottom:15px;--awb-margin-top-small:10px;--awb-margin-right-small:0px;--awb-margin-bottom-small:10px;--awb-margin-left-small:0px;--awb-sep-color:#d1d1d1;--awb-font-size:18px;\"><div class=\"title-sep-container title-sep-container-left\"><div class=\"title-sep sep-single sep-solid\" style=\"border-color:#d1d1d1;\"><\/div><\/div><span class=\"awb-title-spacer\"><\/span><h3 class=\"fusion-title-heading title-heading-center fusion-responsive-typography-calculated\" style=\"font-family:var(--awb-typography2-font-family);font-weight:var(--awb-typography2-font-weight);font-style:var(--awb-typography2-font-style);margin:0;letter-spacing:var(--awb-typography2-letter-spacing);text-transform:var(--awb-typography2-text-transform);font-size:1em;--fontSize:18;--minFontSize:18;line-height:var(--awb-typography2-line-height);\">Projekte<\/h3><span class=\"awb-title-spacer\"><\/span><div class=\"title-sep-container title-sep-container-right\"><div class=\"title-sep sep-single sep-solid\" style=\"border-color:#d1d1d1;\"><\/div><\/div><\/div><div class=\"fusion-aligncenter\"><a class=\"fusion-button button-flat fusion-button-default-size button-custom fusion-button-default button-1 fusion-button-default-span fusion-button-default-type pijl_blauw\" style=\"--button_accent_color:var(--awb-color6);--button_border_color:var(--awb-color6);--button_accent_hover_color:#ffffff;--button_border_hover_color:#ffffff;--button_gradient_top_color:#ffffff;--button_gradient_bottom_color:#ffffff;--button_gradient_top_color_hover:var(--awb-color6);--button_gradient_bottom_color_hover:var(--awb-color6);--button_margin-top:20px;\" target=\"_self\" href=\"https:\/\/www.pillen.eu\/projects\/\"><span class=\"fusion-button-text awb-button__text awb-button__text--default\">Mehr erfahren<\/span><i class=\"fa-arrow-right fas awb-button__icon awb-button__icon--default button-icon-right\" aria-hidden=\"true\"><\/i><\/a><\/div><div class=\"fusion-clearfix\"><\/div><\/div><\/div><div class=\"fusion-layout-column fusion_builder_column fusion-builder-column-3 fusion_builder_column_1_4 1_4 fusion-one-fourth\" style=\"--awb-padding-top:30px;--awb-padding-right:50px;--awb-padding-bottom:20px;--awb-padding-left:50px;--awb-padding-top-medium:50px;--awb-padding-bottom-medium:50px;--awb-overflow:hidden;--awb-bg-color:var(--awb-custom14);--awb-bg-color-hover:var(--awb-custom14);--awb-bg-image:linear-gradient(180deg, rgba(0,140,196,0.62) 40%,rgba(0,140,196,0.62) 77%);--awb-bg-position:center center;--awb-bg-size:cover;--awb-border-radius:4px 4px 4px 4px;--awb-margin-bottom:0px;width:25%;width:calc(25% - ( ( 4% + 4% + 4% ) * 0.25 ) );margin-right: 4%;\"><div class=\"fusion-column-wrapper fusion-column-has-shadow fusion-flex-column-wrapper-legacy\"><div class=\"fusion-fa-align-center\"><i class=\"fb-icon-element-2 fb-icon-element fontawesome-icon fa-store fas circle-no\" style=\"--awb-iconcolor:var(--awb-color1);--awb-iconcolor-hover:var(--awb-color1);--awb-font-size:30px;--awb-margin-bottom:15px;\"><\/i><\/div><div class=\"fusion-title title fusion-title-3 fusion-title-center fusion-title-text fusion-title-size-three\" style=\"--awb-text-color:#ffffff;--awb-margin-top:10px;--awb-margin-bottom:15px;--awb-margin-top-small:10px;--awb-margin-right-small:0px;--awb-margin-bottom-small:10px;--awb-margin-left-small:0px;--awb-sep-color:#d1d1d1;--awb-font-size:18px;\"><div class=\"title-sep-container title-sep-container-left\"><div class=\"title-sep sep-single sep-solid\" style=\"border-color:#d1d1d1;\"><\/div><\/div><span class=\"awb-title-spacer\"><\/span><h3 class=\"fusion-title-heading title-heading-center fusion-responsive-typography-calculated\" style=\"font-family:var(--awb-typography2-font-family);font-weight:var(--awb-typography2-font-weight);font-style:var(--awb-typography2-font-style);margin:0;letter-spacing:-1px;text-transform:var(--awb-typography1-text-transform);font-size:1em;--fontSize:18;--minFontSize:18;line-height:1.2;\">Blog<\/h3><span class=\"awb-title-spacer\"><\/span><div class=\"title-sep-container title-sep-container-right\"><div class=\"title-sep sep-single sep-solid\" style=\"border-color:#d1d1d1;\"><\/div><\/div><\/div><div class=\"fusion-aligncenter\"><a class=\"fusion-button button-flat fusion-button-default-size button-custom fusion-button-default button-2 fusion-button-default-span fusion-button-default-type pijl_blauw\" style=\"--button_accent_color:var(--awb-color6);--button_border_color:var(--awb-color6);--button_accent_hover_color:#ffffff;--button_border_hover_color:#ffffff;--button_gradient_top_color:#ffffff;--button_gradient_bottom_color:#ffffff;--button_gradient_top_color_hover:var(--awb-color6);--button_gradient_bottom_color_hover:var(--awb-color6);--button_margin-top:20px;\" target=\"_self\" href=\"https:\/\/www.pillen.eu\/blog\/\"><span class=\"fusion-button-text awb-button__text awb-button__text--default\">Mehr erfahren<\/span><i class=\"fa-arrow-right fas awb-button__icon awb-button__icon--default button-icon-right\" aria-hidden=\"true\"><\/i><\/a><\/div><div class=\"fusion-clearfix\"><\/div><\/div><\/div><div class=\"fusion-layout-column fusion_builder_column fusion-builder-column-4 fusion_builder_column_1_4 1_4 fusion-one-fourth\" style=\"--awb-padding-top:30px;--awb-padding-right:50px;--awb-padding-bottom:20px;--awb-padding-left:50px;--awb-padding-top-medium:50px;--awb-padding-bottom-medium:50px;--awb-overflow:hidden;--awb-bg-color:#023e77;--awb-bg-color-hover:#023e77;--awb-bg-size:cover;--awb-border-radius:4px 4px 4px 4px;--awb-margin-bottom:0px;width:25%;width:calc(25% - ( ( 4% + 4% + 4% ) * 0.25 ) );margin-right: 4%;\"><div class=\"fusion-column-wrapper fusion-column-has-shadow fusion-flex-column-wrapper-legacy\"><div class=\"fusion-fa-align-center\"><i class=\"fb-icon-element-3 fb-icon-element fontawesome-icon fa-pencil-ruler fas circle-no\" style=\"--awb-font-size:30px;--awb-margin-bottom:15px;\"><\/i><\/div><div class=\"fusion-title title fusion-title-4 fusion-title-center fusion-title-text fusion-title-size-three\" style=\"--awb-text-color:#ffffff;--awb-margin-top:10px;--awb-margin-bottom:15px;--awb-margin-top-small:10px;--awb-margin-right-small:0px;--awb-margin-bottom-small:10px;--awb-margin-left-small:0px;--awb-sep-color:#d1d1d1;--awb-font-size:18px;\"><div class=\"title-sep-container title-sep-container-left\"><div class=\"title-sep sep-single sep-solid\" style=\"border-color:#d1d1d1;\"><\/div><\/div><span class=\"awb-title-spacer\"><\/span><h3 class=\"fusion-title-heading title-heading-center fusion-responsive-typography-calculated\" style=\"font-family:var(--awb-typography2-font-family);font-weight:var(--awb-typography2-font-weight);font-style:var(--awb-typography2-font-style);margin:0;letter-spacing:-1px;text-transform:var(--awb-typography1-text-transform);font-size:1em;--fontSize:18;--minFontSize:18;line-height:1.2;\">Downloads<\/h3><span class=\"awb-title-spacer\"><\/span><div class=\"title-sep-container title-sep-container-right\"><div class=\"title-sep sep-single sep-solid\" style=\"border-color:#d1d1d1;\"><\/div><\/div><\/div><div class=\"fusion-aligncenter\"><a class=\"fusion-button button-flat fusion-button-default-size button-custom fusion-button-default button-3 fusion-button-default-span fusion-button-default-type pijl_blauw\" style=\"--button_accent_color:var(--awb-color6);--button_border_color:var(--awb-color6);--button_accent_hover_color:#ffffff;--button_border_hover_color:#ffffff;--button_gradient_top_color:#ffffff;--button_gradient_bottom_color:#ffffff;--button_gradient_top_color_hover:var(--awb-color6);--button_gradient_bottom_color_hover:var(--awb-color6);--button_margin-top:20px;\" target=\"_self\" href=\"https:\/\/www.pillen.eu\/downloads\/\"><span class=\"fusion-button-text awb-button__text awb-button__text--default\">Mehr erfahren<\/span><i class=\"fa-arrow-right fas awb-button__icon awb-button__icon--default button-icon-right\" aria-hidden=\"true\"><\/i><\/a><\/div><div class=\"fusion-clearfix\"><\/div><\/div><\/div><div class=\"fusion-layout-column fusion_builder_column fusion-builder-column-5 fusion_builder_column_1_4 1_4 fusion-one-fourth fusion-column-last\" style=\"--awb-padding-top:30px;--awb-padding-right:50px;--awb-padding-bottom:20px;--awb-padding-left:50px;--awb-padding-top-medium:50px;--awb-padding-bottom-medium:50px;--awb-overflow:hidden;--awb-bg-color:#023e77;--awb-bg-color-hover:#023e77;--awb-bg-size:cover;--awb-border-radius:4px 4px 4px 4px;--awb-margin-bottom:0px;width:25%;width:calc(25% - ( ( 4% + 4% + 4% ) * 0.25 ) );\"><div class=\"fusion-column-wrapper fusion-column-has-shadow fusion-flex-column-wrapper-legacy\"><div class=\"fusion-fa-align-center\"><i class=\"fb-icon-element-4 fb-icon-element fontawesome-icon fa-pencil-ruler fas circle-no\" style=\"--awb-font-size:30px;--awb-margin-bottom:15px;\"><\/i><\/div><div class=\"fusion-title title fusion-title-5 fusion-title-center fusion-title-text fusion-title-size-three\" style=\"--awb-text-color:#ffffff;--awb-margin-top:10px;--awb-margin-bottom:15px;--awb-margin-top-small:10px;--awb-margin-right-small:0px;--awb-margin-bottom-small:10px;--awb-margin-left-small:0px;--awb-sep-color:#d1d1d1;--awb-font-size:18px;\"><div class=\"title-sep-container title-sep-container-left\"><div class=\"title-sep sep-single sep-solid\" style=\"border-color:#d1d1d1;\"><\/div><\/div><span class=\"awb-title-spacer\"><\/span><h3 class=\"fusion-title-heading title-heading-center fusion-responsive-typography-calculated\" style=\"font-family:var(--awb-typography2-font-family);font-weight:var(--awb-typography2-font-weight);font-style:var(--awb-typography2-font-style);margin:0;letter-spacing:-1px;text-transform:var(--awb-typography1-text-transform);font-size:1em;--fontSize:18;--minFontSize:18;line-height:1.2;\">Veranstaltungen<\/h3><span class=\"awb-title-spacer\"><\/span><div class=\"title-sep-container title-sep-container-right\"><div class=\"title-sep sep-single sep-solid\" style=\"border-color:#d1d1d1;\"><\/div><\/div><\/div><div class=\"fusion-aligncenter\"><a class=\"fusion-button button-flat fusion-button-default-size button-custom fusion-button-default button-4 fusion-button-default-span fusion-button-default-type pijl_blauw\" style=\"--button_accent_color:var(--awb-color6);--button_border_color:var(--awb-color6);--button_accent_hover_color:#ffffff;--button_border_hover_color:#ffffff;--button_gradient_top_color:#ffffff;--button_gradient_bottom_color:#ffffff;--button_gradient_top_color_hover:var(--awb-color6);--button_gradient_bottom_color_hover:var(--awb-color6);--button_margin-top:20px;\" target=\"_self\" href=\"https:\/\/www.pillen.eu\/events\/\"><span class=\"fusion-button-text awb-button__text awb-button__text--default\">Mehr erfahren<\/span><i class=\"fa-arrow-right fas awb-button__icon awb-button__icon--default button-icon-right\" aria-hidden=\"true\"><\/i><\/a><\/div><div class=\"fusion-clearfix\"><\/div><\/div><\/div><\/div><\/div><\/p>\n","protected":false},"excerpt":{"rendered":"","protected":false},"author":7,"featured_media":0,"parent":0,"menu_order":132,"comment_status":"closed","ping_status":"closed","template":"100-width.php","meta":{"footnotes":""},"class_list":["post-75241","page","type-page","status-publish","hentry"],"yoast_head":"<!-- This site is optimized with the Yoast SEO plugin v27.3 - https:\/\/yoast.com\/product\/yoast-seo-wordpress\/ -->\n<title>Actueel - Pillen Group<\/title>\n<meta name=\"description\" content=\"Pillen Group als productiepartner in de maakindustrie actief voor veel verschillen soorten bedrijven in verschillen branches en sectoren.\" \/>\n<meta name=\"robots\" content=\"index, follow, max-snippet:-1, max-image-preview:large, max-video-preview:-1\" \/>\n<link rel=\"canonical\" href=\"https:\/\/www.pillen.eu\/de\/aktuell\/\" \/>\n<meta property=\"og:locale\" content=\"de_DE\" \/>\n<meta property=\"og:type\" content=\"article\" \/>\n<meta property=\"og:title\" content=\"Actueel - Pillen Group\" \/>\n<meta property=\"og:description\" content=\"Pillen Group als productiepartner in de maakindustrie actief voor veel verschillen soorten bedrijven in verschillen branches en sectoren.\" \/>\n<meta property=\"og:url\" content=\"https:\/\/www.pillen.eu\/de\/aktuell\/\" \/>\n<meta property=\"og:site_name\" content=\"Pillen Group\" \/>\n<meta property=\"article:modified_time\" content=\"2024-11-06T08:14:20+00:00\" \/>\n<meta name=\"twitter:card\" content=\"summary_large_image\" \/>\n<meta name=\"twitter:label1\" content=\"Gesch\u00e4tzte Lesezeit\" \/>\n\t<meta name=\"twitter:data1\" content=\"1\u00a0Minute\" \/>\n<script type=\"application\/ld+json\" class=\"yoast-schema-graph\">{\"@context\":\"https:\\\/\\\/schema.org\",\"@graph\":[{\"@type\":\"WebPage\",\"@id\":\"https:\\\/\\\/www.pillen.eu\\\/de\\\/aktuell\\\/\",\"url\":\"https:\\\/\\\/www.pillen.eu\\\/de\\\/aktuell\\\/\",\"name\":\"Actueel - Pillen Group\",\"isPartOf\":{\"@id\":\"https:\\\/\\\/www.pillen.eu\\\/#website\"},\"datePublished\":\"2024-10-28T10:21:46+00:00\",\"dateModified\":\"2024-11-06T08:14:20+00:00\",\"description\":\"Pillen Group als productiepartner in de maakindustrie actief voor veel verschillen soorten bedrijven in verschillen branches en sectoren.\",\"breadcrumb\":{\"@id\":\"https:\\\/\\\/www.pillen.eu\\\/de\\\/aktuell\\\/#breadcrumb\"},\"inLanguage\":\"de\",\"potentialAction\":[{\"@type\":\"ReadAction\",\"target\":[\"https:\\\/\\\/www.pillen.eu\\\/de\\\/aktuell\\\/\"]}]},{\"@type\":\"BreadcrumbList\",\"@id\":\"https:\\\/\\\/www.pillen.eu\\\/de\\\/aktuell\\\/#breadcrumb\",\"itemListElement\":[{\"@type\":\"ListItem\",\"position\":1,\"name\":\"Home\",\"item\":\"https:\\\/\\\/www.pillen.eu\\\/de\\\/\"},{\"@type\":\"ListItem\",\"position\":2,\"name\":\"Aktuell\"}]},{\"@type\":\"WebSite\",\"@id\":\"https:\\\/\\\/www.pillen.eu\\\/#website\",\"url\":\"https:\\\/\\\/www.pillen.eu\\\/\",\"name\":\"Pillen Group\",\"description\":\"(IM)possible, let&#039;s make it!\",\"publisher\":{\"@id\":\"https:\\\/\\\/www.pillen.eu\\\/#organization\"},\"potentialAction\":[{\"@type\":\"SearchAction\",\"target\":{\"@type\":\"EntryPoint\",\"urlTemplate\":\"https:\\\/\\\/www.pillen.eu\\\/?s={search_term_string}\"},\"query-input\":{\"@type\":\"PropertyValueSpecification\",\"valueRequired\":true,\"valueName\":\"search_term_string\"}}],\"inLanguage\":\"de\"},{\"@type\":\"Organization\",\"@id\":\"https:\\\/\\\/www.pillen.eu\\\/#organization\",\"name\":\"Pillen Group\",\"url\":\"https:\\\/\\\/www.pillen.eu\\\/\",\"logo\":{\"@type\":\"ImageObject\",\"inLanguage\":\"de\",\"@id\":\"https:\\\/\\\/www.pillen.eu\\\/#\\\/schema\\\/logo\\\/image\\\/\",\"url\":\"https:\\\/\\\/www.pillen.eu\\\/wp-content\\\/uploads\\\/2022\\\/09\\\/Pillen-Group-logo-horizontaal.jpg\",\"contentUrl\":\"https:\\\/\\\/www.pillen.eu\\\/wp-content\\\/uploads\\\/2022\\\/09\\\/Pillen-Group-logo-horizontaal.jpg\",\"width\":750,\"height\":398,\"caption\":\"Pillen Group\"},\"image\":{\"@id\":\"https:\\\/\\\/www.pillen.eu\\\/#\\\/schema\\\/logo\\\/image\\\/\"},\"sameAs\":[\"https:\\\/\\\/nl.linkedin.com\\\/company\\\/pillen-group-lichtenvoorde\"]}]}<\/script>\n<!-- \/ Yoast SEO plugin. -->","yoast_head_json":{"title":"Actueel - Pillen Group","description":"Pillen Group als productiepartner in de maakindustrie actief voor veel verschillen soorten bedrijven in verschillen branches en sectoren.","robots":{"index":"index","follow":"follow","max-snippet":"max-snippet:-1","max-image-preview":"max-image-preview:large","max-video-preview":"max-video-preview:-1"},"canonical":"https:\/\/www.pillen.eu\/de\/aktuell\/","og_locale":"de_DE","og_type":"article","og_title":"Actueel - Pillen Group","og_description":"Pillen Group als productiepartner in de maakindustrie actief voor veel verschillen soorten bedrijven in verschillen branches en sectoren.","og_url":"https:\/\/www.pillen.eu\/de\/aktuell\/","og_site_name":"Pillen Group","article_modified_time":"2024-11-06T08:14:20+00:00","twitter_card":"summary_large_image","twitter_misc":{"Gesch\u00e4tzte Lesezeit":"1\u00a0Minute"},"schema":{"@context":"https:\/\/schema.org","@graph":[{"@type":"WebPage","@id":"https:\/\/www.pillen.eu\/de\/aktuell\/","url":"https:\/\/www.pillen.eu\/de\/aktuell\/","name":"Actueel - Pillen Group","isPartOf":{"@id":"https:\/\/www.pillen.eu\/#website"},"datePublished":"2024-10-28T10:21:46+00:00","dateModified":"2024-11-06T08:14:20+00:00","description":"Pillen Group als productiepartner in de maakindustrie actief voor veel verschillen soorten bedrijven in verschillen branches en sectoren.","breadcrumb":{"@id":"https:\/\/www.pillen.eu\/de\/aktuell\/#breadcrumb"},"inLanguage":"de","potentialAction":[{"@type":"ReadAction","target":["https:\/\/www.pillen.eu\/de\/aktuell\/"]}]},{"@type":"BreadcrumbList","@id":"https:\/\/www.pillen.eu\/de\/aktuell\/#breadcrumb","itemListElement":[{"@type":"ListItem","position":1,"name":"Home","item":"https:\/\/www.pillen.eu\/de\/"},{"@type":"ListItem","position":2,"name":"Aktuell"}]},{"@type":"WebSite","@id":"https:\/\/www.pillen.eu\/#website","url":"https:\/\/www.pillen.eu\/","name":"Pillen Group","description":"(IM)possible, let&#039;s make it!","publisher":{"@id":"https:\/\/www.pillen.eu\/#organization"},"potentialAction":[{"@type":"SearchAction","target":{"@type":"EntryPoint","urlTemplate":"https:\/\/www.pillen.eu\/?s={search_term_string}"},"query-input":{"@type":"PropertyValueSpecification","valueRequired":true,"valueName":"search_term_string"}}],"inLanguage":"de"},{"@type":"Organization","@id":"https:\/\/www.pillen.eu\/#organization","name":"Pillen Group","url":"https:\/\/www.pillen.eu\/","logo":{"@type":"ImageObject","inLanguage":"de","@id":"https:\/\/www.pillen.eu\/#\/schema\/logo\/image\/","url":"https:\/\/www.pillen.eu\/wp-content\/uploads\/2022\/09\/Pillen-Group-logo-horizontaal.jpg","contentUrl":"https:\/\/www.pillen.eu\/wp-content\/uploads\/2022\/09\/Pillen-Group-logo-horizontaal.jpg","width":750,"height":398,"caption":"Pillen Group"},"image":{"@id":"https:\/\/www.pillen.eu\/#\/schema\/logo\/image\/"},"sameAs":["https:\/\/nl.linkedin.com\/company\/pillen-group-lichtenvoorde"]}]}},"_links":{"self":[{"href":"https:\/\/www.pillen.eu\/de\/wp-json\/wp\/v2\/pages\/75241","targetHints":{"allow":["GET"]}}],"collection":[{"href":"https:\/\/www.pillen.eu\/de\/wp-json\/wp\/v2\/pages"}],"about":[{"href":"https:\/\/www.pillen.eu\/de\/wp-json\/wp\/v2\/types\/page"}],"author":[{"embeddable":true,"href":"https:\/\/www.pillen.eu\/de\/wp-json\/wp\/v2\/users\/7"}],"replies":[{"embeddable":true,"href":"https:\/\/www.pillen.eu\/de\/wp-json\/wp\/v2\/comments?post=75241"}],"version-history":[{"count":2,"href":"https:\/\/www.pillen.eu\/de\/wp-json\/wp\/v2\/pages\/75241\/revisions"}],"predecessor-version":[{"id":75243,"href":"https:\/\/www.pillen.eu\/de\/wp-json\/wp\/v2\/pages\/75241\/revisions\/75243"}],"wp:attachment":[{"href":"https:\/\/www.pillen.eu\/de\/wp-json\/wp\/v2\/media?parent=75241"}],"curies":[{"name":"wp","href":"https:\/\/api.w.org\/{rel}","templated":true}]}}