{"id":61523,"date":"2022-06-07T15:14:08","date_gmt":"2022-06-07T13:14:08","guid":{"rendered":"https:\/\/www.pillen.eu\/werken-bij\/"},"modified":"2025-04-15T10:23:26","modified_gmt":"2025-04-15T08:23:26","slug":"arbeiten-bei-der-pillen-group","status":"publish","type":"page","link":"https:\/\/www.pillen.eu\/de\/arbeiten-bei-der-pillen-group\/","title":{"rendered":"Arbeiten bei der Pillen Group"},"content":{"rendered":"<p><div class=\"fusion-fullwidth fullwidth-box fusion-builder-row-1 nonhundred-percent-fullwidth non-hundred-percent-height-scrolling\" style=\"--awb-border-radius-top-left:0px;--awb-border-radius-top-right:0px;--awb-border-radius-bottom-right:0px;--awb-border-radius-bottom-left:0px;--awb-padding-top:30px;--awb-padding-bottom:10px;--awb-margin-top:-20px;--awb-margin-bottom:0px;--awb-background-color:#d6d6d6;--awb-flex-wrap:wrap;\" ><div class=\"fusion-builder-row fusion-row\"><div class=\"fusion-layout-column fusion_builder_column fusion-builder-column-0 fusion_builder_column_1_3 1_3 fusion-one-third fusion-column-first\" style=\"--awb-bg-size:cover;width:33.333333333333%;width:calc(33.333333333333% - ( ( 4% ) * 0.33333333333333 ) );margin-right: 4%;\"><div class=\"fusion-column-wrapper fusion-column-has-shadow fusion-flex-column-wrapper-legacy\"><div class=\"fusion-title title fusion-title-1 fusion-sep-none fusion-title-text fusion-title-size-two\" style=\"--awb-text-color:#2b2f35;--awb-margin-bottom:0px;--awb-margin-top-small:10px;--awb-margin-right-small:0px;--awb-margin-bottom-small:10px;--awb-margin-left-small:0px;--awb-font-size:45px;\"><h2 class=\"fusion-title-heading title-heading-left fusion-responsive-typography-calculated\" style=\"margin:0;font-size:1em;--fontSize:45;line-height:1.5;\">Arbeiten bei der Pillen-Gruppe<\/h2><\/div><div class=\"fusion-sep-clear\"><\/div><div class=\"fusion-separator fusion-full-width-sep\" style=\"margin-left: auto;margin-right: auto;margin-top:10px;margin-bottom:10px;width:100%;\"><\/div><div class=\"fusion-sep-clear\"><\/div><div class=\"fusion-clearfix\"><\/div><\/div><\/div><div class=\"fusion-layout-column fusion_builder_column fusion-builder-column-1 fusion_builder_column_2_3 2_3 fusion-two-third fusion-column-last\" style=\"--awb-bg-size:cover;width:66.666666666667%;width:calc(66.666666666667% - ( ( 4% ) * 0.66666666666667 ) );\"><div class=\"fusion-column-wrapper fusion-column-has-shadow fusion-flex-column-wrapper-legacy\"><div class=\"fusion-text fusion-text-1\"><p><strong>Arbeiten in der Technik, das ist bei der Pillen Group m\u00f6glich!<\/strong><\/p>\n<p>Auf der Suche nach einem (neuen) Job oder Praktikum? Und Sie sind neugierig, wie es ist, bei uns zu arbeiten? Dann lesen Sie die Pure Geschichten unserer Mitarbeiter. Sind Sie neugierig auf die M\u00f6glichkeiten, bei uns zu arbeiten? Dann sehen Sie sich unsere Stellenangebote, Praktika und Abschlussarbeiten an.<\/p>\n<\/div><div class=\"fusion-clearfix\"><\/div><\/div><\/div><\/div><\/div><div class=\"fusion-fullwidth fullwidth-box fusion-builder-row-2 nonhundred-percent-fullwidth non-hundred-percent-height-scrolling\" style=\"--link_hover_color: #ffffff;--link_color: #ffffff;--awb-border-radius-top-left:0px;--awb-border-radius-top-right:0px;--awb-border-radius-bottom-right:0px;--awb-border-radius-bottom-left:0px;--awb-padding-top:30px;--awb-padding-bottom:50px;--awb-background-color:#0066b5;--awb-flex-wrap:wrap;\" ><div class=\"fusion-builder-row fusion-row\"><div class=\"fusion-layout-column fusion_builder_column fusion-builder-column-2 fusion_builder_column_1_2 1_2 fusion-one-half fusion-column-first\" style=\"--awb-bg-size:cover;width:50%;width:calc(50% - ( ( 4% ) * 0.5 ) );margin-right: 4%;\"><div class=\"fusion-column-wrapper fusion-column-has-shadow fusion-flex-column-wrapper-legacy\"><div class=\"fusion-title title fusion-title-2 fusion-title-text fusion-title-size-two\" style=\"--awb-text-color:#2b2f35;--awb-margin-bottom:0px;--awb-margin-top-small:10px;--awb-margin-right-small:0px;--awb-margin-bottom-small:10px;--awb-margin-left-small:0px;--awb-font-size:45px;\"><h2 class=\"fusion-title-heading title-heading-left fusion-responsive-typography-calculated\" style=\"margin:0;font-size:1em;--fontSize:45;line-height:1.5;\"><h2><span style=\"color: #ffffff;\">&#8222;Pure verhalen&#8220;<\/span><\/h2><\/h2><span class=\"awb-title-spacer\"><\/span><div class=\"title-sep-container\"><div class=\"title-sep sep-single sep-solid\" style=\"border-color:#0067b6;\"><\/div><\/div><\/div><div class=\"fusion-text fusion-text-2\"><p><span style=\"color: #ffffff;\">Unsere Mitarbeiter erz\u00e4hlen Ihnen gerne von ihrer Arbeit bei der Pillen Group. Wie kommt jemand zu uns? Warum bekommt diese Person eine Chance bei uns? Und was macht die Arbeit so spannend und herausfordernd? Sie k\u00f6nnen es in unseren &#8222;Pure verhalen&#8220; (<strong>Nur auf Niederl\u00e4ndisch<\/strong>) nachlesen.<\/span><\/p>\n<\/div><div class=\"fusion-button-wrapper\"><a class=\"fusion-button button-flat fusion-button-default-size button-custom fusion-button-default button-1 fusion-button-default-span fusion-button-default-type\" style=\"--button_accent_color:var(--awb-color6);--button_border_color:var(--awb-color6);--button_accent_hover_color:#ffffff;--button_border_hover_color:#ffffff;--button_gradient_top_color:var(--awb-color1);--button_gradient_bottom_color:var(--awb-color1);--button_gradient_top_color_hover:#1859ad;--button_gradient_bottom_color_hover:#1859ad;\" target=\"_self\" href=\"https:\/\/www.pillen.eu\/werken-bij\/pure-verhalen\/\"><span class=\"fusion-button-text awb-button__text awb-button__text--default\">Pure verhalen<\/span><\/a><\/div><div class=\"fusion-sep-clear\"><\/div><div class=\"fusion-separator fusion-full-width-sep\" style=\"margin-left: auto;margin-right: auto;margin-top:10px;margin-bottom:10px;width:100%;\"><\/div><div class=\"fusion-sep-clear\"><\/div><div class=\"fusion-sep-clear\"><\/div><div class=\"fusion-separator fusion-full-width-sep\" style=\"margin-left: auto;margin-right: auto;width:100%;\"><\/div><div class=\"fusion-sep-clear\"><\/div><div class=\"fusion-title title fusion-title-3 fusion-title-text fusion-title-size-two\" style=\"--awb-text-color:#2b2f35;--awb-margin-bottom:0px;--awb-margin-top-small:10px;--awb-margin-right-small:0px;--awb-margin-bottom-small:10px;--awb-margin-left-small:0px;--awb-font-size:45px;\"><h2 class=\"fusion-title-heading title-heading-left fusion-responsive-typography-calculated\" style=\"margin:0;font-size:1em;--fontSize:45;line-height:1.5;\"><h2><span style=\"color: #ffffff;\">Stellenangebote<\/span><\/h2><\/h2><span class=\"awb-title-spacer\"><\/span><div class=\"title-sep-container\"><div class=\"title-sep sep-single sep-solid\" style=\"border-color:#0067b6;\"><\/div><\/div><\/div><div class=\"fusion-text fusion-text-3\"><p><span style=\"color: #ffffff;\">Unser Unternehmen ist st\u00e4ndig in Bewegung. Innovationen folgen in rascher Folge aufeinander. Das l\u00e4sst uns wachsen. Wachsen Sie mit uns? Wir haben mehrere offene Stellen auf fast allen Ebenen.<\/span><\/p>\n<\/div><div class=\"fusion-button-wrapper\"><a class=\"fusion-button button-flat fusion-button-default-size button-custom fusion-button-default button-2 fusion-button-default-span fusion-button-default-type\" style=\"--button_accent_color:var(--awb-color6);--button_border_color:var(--awb-color6);--button_accent_hover_color:#ffffff;--button_border_hover_color:#ffffff;--button_gradient_top_color:var(--awb-color1);--button_gradient_bottom_color:var(--awb-color1);--button_gradient_top_color_hover:#1859ad;--button_gradient_bottom_color_hover:#1859ad;\" target=\"_self\" href=\"https:\/\/www.pillen.eu\/de\/ueber-pillen-gruppe\/arbeiten-bei-pillen\/\"><span class=\"fusion-button-text awb-button__text awb-button__text--default\">Stellenangebote<\/span><\/a><\/div><div class=\"fusion-sep-clear\"><\/div><div class=\"fusion-separator fusion-full-width-sep\" style=\"margin-left: auto;margin-right: auto;width:100%;\"><\/div><div class=\"fusion-sep-clear\"><\/div><div class=\"fusion-sep-clear\"><\/div><div class=\"fusion-separator fusion-full-width-sep\" style=\"margin-left: auto;margin-right: auto;margin-top:10px;margin-bottom:10px;width:100%;\"><\/div><div class=\"fusion-sep-clear\"><\/div><div class=\"fusion-title title fusion-title-4 fusion-title-text fusion-title-size-two\" style=\"--awb-text-color:#2b2f35;--awb-margin-bottom:0px;--awb-margin-top-small:10px;--awb-margin-right-small:0px;--awb-margin-bottom-small:10px;--awb-margin-left-small:0px;--awb-font-size:45px;\"><h2 class=\"fusion-title-heading title-heading-left fusion-responsive-typography-calculated\" style=\"margin:0;font-size:1em;--fontSize:45;line-height:1.5;\"><h2><span style=\"color: #ffffff;\">Praktika und Abschluss<\/span><\/h2><\/h2><span class=\"awb-title-spacer\"><\/span><div class=\"title-sep-container\"><div class=\"title-sep sep-single sep-solid\" style=\"border-color:#0067b6;\"><\/div><\/div><\/div><div class=\"fusion-text fusion-text-4\"><p><span style=\"color: #ffffff;\">Du m\u00f6chtest wissen, ob die Arbeit in der Technik etwas f\u00fcr dich ist? Bei uns erfahren Sie es hier. Wir sind immer auf der Suche nach Praktikanten, die bei uns den technischen Beruf erlernen m\u00f6chten. Wir bieten auch Platz f\u00fcr Abschlussarbeiten (<strong>Kann nur auf Niederl\u00e4ndisch gelesen werden<\/strong>).<\/span><\/p>\n<\/div><div class=\"fusion-button-wrapper\"><a class=\"fusion-button button-flat fusion-button-default-size button-custom fusion-button-default button-3 fusion-button-default-span fusion-button-default-type\" style=\"--button_accent_color:var(--awb-color6);--button_border_color:var(--awb-color6);--button_accent_hover_color:#ffffff;--button_border_hover_color:#ffffff;--button_gradient_top_color:var(--awb-color1);--button_gradient_bottom_color:var(--awb-color1);--button_gradient_top_color_hover:#1859ad;--button_gradient_bottom_color_hover:#1859ad;\" target=\"_self\" href=\"https:\/\/www.pillen.eu\/werken-bij\/stages\/\"><span class=\"fusion-button-text awb-button__text awb-button__text--default\">Praktika und Abschluss<\/span><\/a><\/div><div class=\"fusion-clearfix\"><\/div><\/div><\/div><div class=\"fusion-layout-column fusion_builder_column fusion-builder-column-3 fusion_builder_column_1_2 1_2 fusion-one-half fusion-column-last\" style=\"--awb-bg-size:cover;width:50%;width:calc(50% - ( ( 4% ) * 0.5 ) );\"><div class=\"fusion-column-wrapper fusion-column-has-shadow fusion-flex-column-wrapper-legacy\"><div class=\"fusion-image-element in-legacy-container\" style=\"--awb-caption-title-font-family:var(--h2_typography-font-family);--awb-caption-title-font-weight:var(--h2_typography-font-weight);--awb-caption-title-font-style:var(--h2_typography-font-style);--awb-caption-title-size:var(--h2_typography-font-size);--awb-caption-title-transform:var(--h2_typography-text-transform);--awb-caption-title-line-height:var(--h2_typography-line-height);--awb-caption-title-letter-spacing:var(--h2_typography-letter-spacing);\"><span class=\" fusion-imageframe imageframe-none imageframe-1 hover-type-none\"><img decoding=\"async\" width=\"921\" height=\"529\" alt=\"In beeld een aantal medewerkers van Pillen Group.\" title=\"Emplyees Pillen Group\" src=\"https:\/\/www.pillen.eu\/wp-content\/uploads\/2021\/05\/Emplyees-Pillen-Group.jpg\" class=\"img-responsive wp-image-18237\" srcset=\"https:\/\/www.pillen.eu\/wp-content\/uploads\/2021\/05\/Emplyees-Pillen-Group-200x115.jpg 200w, https:\/\/www.pillen.eu\/wp-content\/uploads\/2021\/05\/Emplyees-Pillen-Group-400x230.jpg 400w, https:\/\/www.pillen.eu\/wp-content\/uploads\/2021\/05\/Emplyees-Pillen-Group-600x345.jpg 600w, https:\/\/www.pillen.eu\/wp-content\/uploads\/2021\/05\/Emplyees-Pillen-Group-800x460.jpg 800w, https:\/\/www.pillen.eu\/wp-content\/uploads\/2021\/05\/Emplyees-Pillen-Group.jpg 921w\" sizes=\"(max-width: 800px) 100vw, 800px\" \/><\/span><\/div><div class=\"fusion-clearfix\"><\/div><\/div><\/div><\/div><\/div><div class=\"fusion-fullwidth fullwidth-box fusion-builder-row-3 fusion-flex-container has-pattern-background has-mask-background nonhundred-percent-fullwidth non-hundred-percent-height-scrolling\" style=\"--awb-border-radius-top-left:0px;--awb-border-radius-top-right:0px;--awb-border-radius-bottom-right:0px;--awb-border-radius-bottom-left:0px;--awb-margin-bottom:-60px;--awb-flex-wrap:wrap;\" ><div class=\"fusion-builder-row fusion-row fusion-flex-align-items-flex-start fusion-flex-content-wrap\" style=\"max-width:1352px;margin-left: calc(-4% \/ 2 );margin-right: calc(-4% \/ 2 );\"><div class=\"fusion-layout-column fusion_builder_column fusion-builder-column-4 fusion_builder_column_1_2 1_2 fusion-flex-column\" style=\"--awb-bg-size:cover;--awb-width-large:50%;--awb-margin-top-large:0px;--awb-spacing-right-large:3.84%;--awb-margin-bottom-large:20px;--awb-spacing-left-large:3.84%;--awb-width-medium:100%;--awb-order-medium:0;--awb-spacing-right-medium:1.92%;--awb-spacing-left-medium:1.92%;--awb-width-small:100%;--awb-order-small:0;--awb-spacing-right-small:1.92%;--awb-spacing-left-small:1.92%;\"><div class=\"fusion-column-wrapper fusion-column-has-shadow fusion-flex-justify-content-flex-start fusion-content-layout-column\"><div class=\"fusion-image-element \" style=\"--awb-caption-title-font-family:var(--h2_typography-font-family);--awb-caption-title-font-weight:var(--h2_typography-font-weight);--awb-caption-title-font-style:var(--h2_typography-font-style);--awb-caption-title-size:var(--h2_typography-font-size);--awb-caption-title-transform:var(--h2_typography-text-transform);--awb-caption-title-line-height:var(--h2_typography-line-height);--awb-caption-title-letter-spacing:var(--h2_typography-letter-spacing);\"><span class=\" fusion-imageframe imageframe-none imageframe-2 hover-type-none\"><a href=\"https:\/\/www.pillen.eu\/wp-content\/uploads\/2020\/12\/Pillen-Group-team-e1608296535891.png\" class=\"fusion-lightbox\" data-rel=\"iLightbox[5a04c7e33acd21a709c]\" data-title=\"Pillen Group team\" title=\"Pillen Group team\"><img decoding=\"async\" width=\"1334\" height=\"750\" src=\"https:\/\/www.pillen.eu\/wp-content\/uploads\/2020\/12\/Pillen-Group-team-e1608296535891.png\" alt class=\"img-responsive wp-image-14303\"\/><\/a><\/span><\/div><\/div><\/div><div class=\"fusion-layout-column fusion_builder_column fusion-builder-column-5 fusion_builder_column_1_2 1_2 fusion-flex-column\" style=\"--awb-bg-size:cover;--awb-width-large:50%;--awb-margin-top-large:0px;--awb-spacing-right-large:3.84%;--awb-margin-bottom-large:20px;--awb-spacing-left-large:3.84%;--awb-width-medium:100%;--awb-order-medium:0;--awb-spacing-right-medium:1.92%;--awb-spacing-left-medium:1.92%;--awb-width-small:100%;--awb-order-small:0;--awb-spacing-right-small:1.92%;--awb-spacing-left-small:1.92%;\"><div class=\"fusion-column-wrapper fusion-column-has-shadow fusion-flex-justify-content-flex-start fusion-content-layout-column\"><div class=\"fusion-text fusion-text-5\"><h2>Pillen Group, pure Leidenschaft f\u00fcr Technik und Industrie!<\/h2>\n<p>An unseren Produktions- und Montagestandorten arbeiten wir mit einem begeisterten Team und modernsten Bearbeitungszentren und Montageeinrichtungen.<br \/>\nEine offene und informelle Arbeitskultur ist sp\u00fcrbar. Als Teammitglied haben Sie die M\u00f6glichkeit, an abwechslungsreichen Auftr\u00e4gen und Projekten zu arbeiten.<\/p>\n<h3>K\u00f6nnen Sie sich vorstellen, an einer Vielzahl von Projekten und Branchen zu arbeiten?<br \/>\nSprechen Sie uns an!<\/h3>\n<\/div><\/div><\/div><\/div><\/div><\/p>\n","protected":false},"excerpt":{"rendered":"","protected":false},"author":7,"featured_media":0,"parent":0,"menu_order":235,"comment_status":"closed","ping_status":"closed","template":"100-width.php","meta":{"footnotes":""},"class_list":["post-61523","page","type-page","status-publish","hentry"],"yoast_head":"<!-- This site is optimized with the Yoast SEO plugin v27.3 - https:\/\/yoast.com\/product\/yoast-seo-wordpress\/ -->\n<title>Arbeiten in der Technologie bei der Pillen Group<\/title>\n<meta name=\"description\" content=\"Sind Sie neugierig, wie es ist, bei uns zu arbeiten? Dann sind Sie hier auf der Seite genau richtig. Hier finden Sie die richtige Stelle!\" \/>\n<meta name=\"robots\" content=\"index, follow, max-snippet:-1, max-image-preview:large, max-video-preview:-1\" \/>\n<link rel=\"canonical\" href=\"https:\/\/www.pillen.eu\/de\/arbeiten-bei-der-pillen-group\/\" \/>\n<meta property=\"og:locale\" content=\"de_DE\" \/>\n<meta property=\"og:type\" content=\"article\" \/>\n<meta property=\"og:title\" content=\"Arbeiten in der Technologie bei der Pillen Group\" \/>\n<meta property=\"og:description\" content=\"Sind Sie neugierig, wie es ist, bei uns zu arbeiten? Dann sind Sie hier auf der Seite genau richtig. Hier finden Sie die richtige Stelle!\" \/>\n<meta property=\"og:url\" content=\"https:\/\/www.pillen.eu\/de\/arbeiten-bei-der-pillen-group\/\" \/>\n<meta property=\"og:site_name\" content=\"Pillen Group\" \/>\n<meta property=\"article:modified_time\" content=\"2025-04-15T08:23:26+00:00\" \/>\n<meta name=\"twitter:card\" content=\"summary_large_image\" \/>\n<meta name=\"twitter:label1\" content=\"Gesch\u00e4tzte Lesezeit\" \/>\n\t<meta name=\"twitter:data1\" content=\"2\u00a0Minuten\" \/>\n<script type=\"application\/ld+json\" class=\"yoast-schema-graph\">{\"@context\":\"https:\\\/\\\/schema.org\",\"@graph\":[{\"@type\":\"WebPage\",\"@id\":\"https:\\\/\\\/www.pillen.eu\\\/de\\\/arbeiten-bei-der-pillen-group\\\/\",\"url\":\"https:\\\/\\\/www.pillen.eu\\\/de\\\/arbeiten-bei-der-pillen-group\\\/\",\"name\":\"Arbeiten in der Technologie bei der Pillen Group\",\"isPartOf\":{\"@id\":\"https:\\\/\\\/www.pillen.eu\\\/#website\"},\"datePublished\":\"2022-06-07T13:14:08+00:00\",\"dateModified\":\"2025-04-15T08:23:26+00:00\",\"description\":\"Sind Sie neugierig, wie es ist, bei uns zu arbeiten? Dann sind Sie hier auf der Seite genau richtig. Hier finden Sie die richtige Stelle!\",\"breadcrumb\":{\"@id\":\"https:\\\/\\\/www.pillen.eu\\\/de\\\/arbeiten-bei-der-pillen-group\\\/#breadcrumb\"},\"inLanguage\":\"de\",\"potentialAction\":[{\"@type\":\"ReadAction\",\"target\":[\"https:\\\/\\\/www.pillen.eu\\\/de\\\/arbeiten-bei-der-pillen-group\\\/\"]}]},{\"@type\":\"BreadcrumbList\",\"@id\":\"https:\\\/\\\/www.pillen.eu\\\/de\\\/arbeiten-bei-der-pillen-group\\\/#breadcrumb\",\"itemListElement\":[{\"@type\":\"ListItem\",\"position\":1,\"name\":\"Home\",\"item\":\"https:\\\/\\\/www.pillen.eu\\\/de\\\/\"},{\"@type\":\"ListItem\",\"position\":2,\"name\":\"Arbeiten bei der Pillen Group\"}]},{\"@type\":\"WebSite\",\"@id\":\"https:\\\/\\\/www.pillen.eu\\\/#website\",\"url\":\"https:\\\/\\\/www.pillen.eu\\\/\",\"name\":\"Pillen Group\",\"description\":\"(IM)possible, let&#039;s make it!\",\"publisher\":{\"@id\":\"https:\\\/\\\/www.pillen.eu\\\/#organization\"},\"potentialAction\":[{\"@type\":\"SearchAction\",\"target\":{\"@type\":\"EntryPoint\",\"urlTemplate\":\"https:\\\/\\\/www.pillen.eu\\\/?s={search_term_string}\"},\"query-input\":{\"@type\":\"PropertyValueSpecification\",\"valueRequired\":true,\"valueName\":\"search_term_string\"}}],\"inLanguage\":\"de\"},{\"@type\":\"Organization\",\"@id\":\"https:\\\/\\\/www.pillen.eu\\\/#organization\",\"name\":\"Pillen Group\",\"url\":\"https:\\\/\\\/www.pillen.eu\\\/\",\"logo\":{\"@type\":\"ImageObject\",\"inLanguage\":\"de\",\"@id\":\"https:\\\/\\\/www.pillen.eu\\\/#\\\/schema\\\/logo\\\/image\\\/\",\"url\":\"https:\\\/\\\/www.pillen.eu\\\/wp-content\\\/uploads\\\/2022\\\/09\\\/Pillen-Group-logo-horizontaal.jpg\",\"contentUrl\":\"https:\\\/\\\/www.pillen.eu\\\/wp-content\\\/uploads\\\/2022\\\/09\\\/Pillen-Group-logo-horizontaal.jpg\",\"width\":750,\"height\":398,\"caption\":\"Pillen Group\"},\"image\":{\"@id\":\"https:\\\/\\\/www.pillen.eu\\\/#\\\/schema\\\/logo\\\/image\\\/\"},\"sameAs\":[\"https:\\\/\\\/nl.linkedin.com\\\/company\\\/pillen-group-lichtenvoorde\"]}]}<\/script>\n<!-- \/ Yoast SEO plugin. -->","yoast_head_json":{"title":"Arbeiten in der Technologie bei der Pillen Group","description":"Sind Sie neugierig, wie es ist, bei uns zu arbeiten? Dann sind Sie hier auf der Seite genau richtig. Hier finden Sie die richtige Stelle!","robots":{"index":"index","follow":"follow","max-snippet":"max-snippet:-1","max-image-preview":"max-image-preview:large","max-video-preview":"max-video-preview:-1"},"canonical":"https:\/\/www.pillen.eu\/de\/arbeiten-bei-der-pillen-group\/","og_locale":"de_DE","og_type":"article","og_title":"Arbeiten in der Technologie bei der Pillen Group","og_description":"Sind Sie neugierig, wie es ist, bei uns zu arbeiten? Dann sind Sie hier auf der Seite genau richtig. Hier finden Sie die richtige Stelle!","og_url":"https:\/\/www.pillen.eu\/de\/arbeiten-bei-der-pillen-group\/","og_site_name":"Pillen Group","article_modified_time":"2025-04-15T08:23:26+00:00","twitter_card":"summary_large_image","twitter_misc":{"Gesch\u00e4tzte Lesezeit":"2\u00a0Minuten"},"schema":{"@context":"https:\/\/schema.org","@graph":[{"@type":"WebPage","@id":"https:\/\/www.pillen.eu\/de\/arbeiten-bei-der-pillen-group\/","url":"https:\/\/www.pillen.eu\/de\/arbeiten-bei-der-pillen-group\/","name":"Arbeiten in der Technologie bei der Pillen Group","isPartOf":{"@id":"https:\/\/www.pillen.eu\/#website"},"datePublished":"2022-06-07T13:14:08+00:00","dateModified":"2025-04-15T08:23:26+00:00","description":"Sind Sie neugierig, wie es ist, bei uns zu arbeiten? Dann sind Sie hier auf der Seite genau richtig. Hier finden Sie die richtige Stelle!","breadcrumb":{"@id":"https:\/\/www.pillen.eu\/de\/arbeiten-bei-der-pillen-group\/#breadcrumb"},"inLanguage":"de","potentialAction":[{"@type":"ReadAction","target":["https:\/\/www.pillen.eu\/de\/arbeiten-bei-der-pillen-group\/"]}]},{"@type":"BreadcrumbList","@id":"https:\/\/www.pillen.eu\/de\/arbeiten-bei-der-pillen-group\/#breadcrumb","itemListElement":[{"@type":"ListItem","position":1,"name":"Home","item":"https:\/\/www.pillen.eu\/de\/"},{"@type":"ListItem","position":2,"name":"Arbeiten bei der Pillen Group"}]},{"@type":"WebSite","@id":"https:\/\/www.pillen.eu\/#website","url":"https:\/\/www.pillen.eu\/","name":"Pillen Group","description":"(IM)possible, let&#039;s make it!","publisher":{"@id":"https:\/\/www.pillen.eu\/#organization"},"potentialAction":[{"@type":"SearchAction","target":{"@type":"EntryPoint","urlTemplate":"https:\/\/www.pillen.eu\/?s={search_term_string}"},"query-input":{"@type":"PropertyValueSpecification","valueRequired":true,"valueName":"search_term_string"}}],"inLanguage":"de"},{"@type":"Organization","@id":"https:\/\/www.pillen.eu\/#organization","name":"Pillen Group","url":"https:\/\/www.pillen.eu\/","logo":{"@type":"ImageObject","inLanguage":"de","@id":"https:\/\/www.pillen.eu\/#\/schema\/logo\/image\/","url":"https:\/\/www.pillen.eu\/wp-content\/uploads\/2022\/09\/Pillen-Group-logo-horizontaal.jpg","contentUrl":"https:\/\/www.pillen.eu\/wp-content\/uploads\/2022\/09\/Pillen-Group-logo-horizontaal.jpg","width":750,"height":398,"caption":"Pillen Group"},"image":{"@id":"https:\/\/www.pillen.eu\/#\/schema\/logo\/image\/"},"sameAs":["https:\/\/nl.linkedin.com\/company\/pillen-group-lichtenvoorde"]}]}},"_links":{"self":[{"href":"https:\/\/www.pillen.eu\/de\/wp-json\/wp\/v2\/pages\/61523","targetHints":{"allow":["GET"]}}],"collection":[{"href":"https:\/\/www.pillen.eu\/de\/wp-json\/wp\/v2\/pages"}],"about":[{"href":"https:\/\/www.pillen.eu\/de\/wp-json\/wp\/v2\/types\/page"}],"author":[{"embeddable":true,"href":"https:\/\/www.pillen.eu\/de\/wp-json\/wp\/v2\/users\/7"}],"replies":[{"embeddable":true,"href":"https:\/\/www.pillen.eu\/de\/wp-json\/wp\/v2\/comments?post=61523"}],"version-history":[{"count":2,"href":"https:\/\/www.pillen.eu\/de\/wp-json\/wp\/v2\/pages\/61523\/revisions"}],"predecessor-version":[{"id":75982,"href":"https:\/\/www.pillen.eu\/de\/wp-json\/wp\/v2\/pages\/61523\/revisions\/75982"}],"wp:attachment":[{"href":"https:\/\/www.pillen.eu\/de\/wp-json\/wp\/v2\/media?parent=61523"}],"curies":[{"name":"wp","href":"https:\/\/api.w.org\/{rel}","templated":true}]}}