{"id":56815,"date":"2022-12-21T16:25:03","date_gmt":"2022-12-21T15:25:03","guid":{"rendered":"https:\/\/www.pillen.eu\/service\/"},"modified":"2023-06-08T09:46:02","modified_gmt":"2023-06-08T07:46:02","slug":"service","status":"publish","type":"page","link":"https:\/\/www.pillen.eu\/de\/service\/","title":{"rendered":"Service"},"content":{"rendered":"<p><div class=\"fusion-fullwidth fullwidth-box fusion-builder-row-1 nonhundred-percent-fullwidth non-hundred-percent-height-scrolling\" style=\"--awb-border-radius-top-left:0px;--awb-border-radius-top-right:0px;--awb-border-radius-bottom-right:0px;--awb-border-radius-bottom-left:0px;--awb-padding-top:30px;--awb-padding-bottom:10px;--awb-margin-bottom:0px;--awb-background-color:#d6d6d6;--awb-flex-wrap:wrap;\" ><div class=\"fusion-builder-row fusion-row\"><div class=\"fusion-layout-column fusion_builder_column fusion-builder-column-0 fusion_builder_column_1_3 1_3 fusion-one-third fusion-column-first\" style=\"--awb-bg-size:cover;width:33.333333333333%;width:calc(33.333333333333% - ( ( 4% ) * 0.33333333333333 ) );margin-right: 4%;\"><div class=\"fusion-column-wrapper fusion-column-has-shadow fusion-flex-column-wrapper-legacy\"><div class=\"fusion-title title fusion-title-1 fusion-sep-none fusion-title-text fusion-title-size-one\" style=\"--awb-text-color:#2b2f35;--awb-margin-bottom:0px;--awb-margin-top-small:10px;--awb-margin-right-small:0px;--awb-margin-bottom-small:10px;--awb-margin-left-small:0px;--awb-font-size:45px;\"><h1 class=\"fusion-title-heading title-heading-left fusion-responsive-typography-calculated\" style=\"font-family:var(--awb-typography1-font-family);font-weight:var(--awb-typography1-font-weight);font-style:var(--awb-typography1-font-style);margin:0;font-size:1em;--fontSize:45;line-height:1.4;\">Service<\/h1><\/div><div class=\"fusion-sep-clear\"><\/div><div class=\"fusion-separator fusion-full-width-sep\" style=\"margin-left: auto;margin-right: auto;margin-top:15px;margin-bottom:15px;width:100%;\"><\/div><div class=\"fusion-sep-clear\"><\/div><div class=\"fusion-clearfix\"><\/div><\/div><\/div><div class=\"fusion-layout-column fusion_builder_column fusion-builder-column-1 fusion_builder_column_2_3 2_3 fusion-two-third fusion-column-last\" style=\"--awb-bg-size:cover;width:66.666666666667%;width:calc(66.666666666667% - ( ( 4% ) * 0.66666666666667 ) );\"><div class=\"fusion-column-wrapper fusion-column-has-shadow fusion-flex-column-wrapper-legacy\"><div class=\"fusion-text fusion-text-1\" style=\"--awb-text-font-family:var(--awb-typography4-font-family);--awb-text-font-weight:var(--awb-typography4-font-weight);--awb-text-font-style:var(--awb-typography4-font-style);\"><p><strong>Kassenm\u00f6bel m\u00fcssen rund um die Uhr in Ihrem Gesch\u00e4ft verf\u00fcgbar sein. Eine Fehlfunktion ist sehr \u00e4rgerlich. Pillen hat ein eigenes Serviceteam f\u00fcr Ihre Kassenm\u00f6bel. <\/strong><\/p>\n<p>Wir arbeiten auch (inter)national mit verschiedenen Partnern zusammen, die mit unseren Produkten vertraut sind, um Ihre St\u00f6rung schnellstm\u00f6glich zu beheben.<\/p>\n<\/div><div class=\"fusion-clearfix\"><\/div><\/div><\/div><\/div><\/div><div class=\"fusion-fullwidth fullwidth-box fusion-builder-row-2 fusion-flex-container nonhundred-percent-fullwidth non-hundred-percent-height-scrolling\" style=\"--link_hover_color: #ffffff;--link_color: #ffffff;--awb-border-radius-top-left:0px;--awb-border-radius-top-right:0px;--awb-border-radius-bottom-right:0px;--awb-border-radius-bottom-left:0px;--awb-padding-top:30px;--awb-padding-bottom:-20px;--awb-margin-bottom:0px;--awb-background-color:#0066b5;--awb-flex-wrap:wrap;\" ><div class=\"fusion-builder-row fusion-row fusion-flex-align-items-flex-start fusion-flex-content-wrap\" style=\"max-width:1352px;margin-left: calc(-4% \/ 2 );margin-right: calc(-4% \/ 2 );\"><div class=\"fusion-layout-column fusion_builder_column fusion-builder-column-2 fusion_builder_column_1_1 1_1 fusion-flex-column\" style=\"--awb-padding-right-small:25px;--awb-padding-left-small:25px;--awb-bg-size:cover;--awb-width-large:100%;--awb-margin-top-large:0px;--awb-spacing-right-large:1.92%;--awb-margin-bottom-large:20px;--awb-spacing-left-large:1.92%;--awb-width-medium:100%;--awb-spacing-right-medium:1.92%;--awb-spacing-left-medium:1.92%;--awb-width-small:100%;--awb-spacing-right-small:1.92%;--awb-spacing-left-small:1.92%;\"><div class=\"fusion-column-wrapper fusion-column-has-shadow fusion-flex-justify-content-flex-start fusion-content-layout-column\"><div class=\"fusion-title title fusion-title-2 fusion-title-text fusion-title-size-two\" style=\"--awb-text-color:#ffffff;--awb-margin-bottom:0px;--awb-margin-top-small:10px;--awb-margin-right-small:0px;--awb-margin-bottom-small:10px;--awb-margin-left-small:0px;\"><div class=\"title-sep-container title-sep-container-left fusion-no-large-visibility fusion-no-medium-visibility fusion-no-small-visibility\"><div class=\"title-sep sep-single sep-solid\" style=\"border-color:#0067b6;\"><\/div><\/div><span class=\"awb-title-spacer fusion-no-large-visibility fusion-no-medium-visibility fusion-no-small-visibility\"><\/span><h2 class=\"fusion-title-heading title-heading-left fusion-responsive-typography-calculated\" style=\"font-family:var(--awb-typography2-font-family);font-weight:var(--awb-typography2-font-weight);font-style:var(--awb-typography2-font-style);margin:0;--fontSize:32;line-height:1.5;\">Fehlfunktion<\/h2><span class=\"awb-title-spacer\"><\/span><div class=\"title-sep-container title-sep-container-right\"><div class=\"title-sep sep-single sep-solid\" style=\"border-color:#0067b6;\"><\/div><\/div><\/div><div class=\"fusion-text fusion-text-2\" style=\"--awb-text-color:#ffffff;--awb-text-font-family:var(--awb-typography4-font-family);--awb-text-font-weight:var(--awb-typography4-font-weight);--awb-text-font-style:var(--awb-typography4-font-style);\"><p>Sie haben ein Problem mit Ihrer Kasse oder Theke? Melden Sie Ihre St\u00f6rung \u00fcber: <span style=\"text-decoration: underline;\"><a href=\"mailto:service@checkouts.eu\">service@checkouts.eu<\/a> <\/span>oder rufen Sie an: <span style=\"text-decoration: underline;\"><a href=\"http:\/\/tel0544390008\">0544-390008<\/a><\/span>.<\/p>\n<\/div><div class=\"fusion-title title fusion-title-3 fusion-title-text fusion-title-size-two\" style=\"--awb-text-color:#ffffff;--awb-margin-bottom:0px;--awb-margin-top-small:10px;--awb-margin-right-small:0px;--awb-margin-bottom-small:10px;--awb-margin-left-small:0px;\"><div class=\"title-sep-container title-sep-container-left fusion-no-large-visibility fusion-no-medium-visibility fusion-no-small-visibility\"><div class=\"title-sep sep-single sep-solid\" style=\"border-color:#0067b6;\"><\/div><\/div><span class=\"awb-title-spacer fusion-no-large-visibility fusion-no-medium-visibility fusion-no-small-visibility\"><\/span><h2 class=\"fusion-title-heading title-heading-left fusion-responsive-typography-calculated\" style=\"font-family:var(--awb-typography2-font-family);font-weight:var(--awb-typography2-font-weight);font-style:var(--awb-typography2-font-style);margin:0;--fontSize:32;line-height:1.5;\">Wartung<\/h2><span class=\"awb-title-spacer\"><\/span><div class=\"title-sep-container title-sep-container-right\"><div class=\"title-sep sep-single sep-solid\" style=\"border-color:#0067b6;\"><\/div><\/div><\/div><div class=\"fusion-text fusion-text-3\" style=\"--awb-text-color:#ffffff;--awb-text-font-family:var(--awb-typography4-font-family);--awb-text-font-weight:var(--awb-typography4-font-weight);--awb-text-font-style:var(--awb-typography4-font-style);\"><p>F\u00fcr Sie als Kunde ist es sehr wichtig, dass eine Kasse immer betriebsbereit ist. Regelm\u00e4\u00dfige Wartung wird empfohlen, denn Vorbeugen ist besser als Heilen. Pillen hat verschiedene Wartungsvertr\u00e4ge, um die Lebensdauer Ihrer Kasse zu verl\u00e4ngern.<\/p>\n<p>Service &amp; Wartung von M\u00f6beln, die nicht von der Pillen-Gruppe stammen, ist in vielen F\u00e4llen ebenfalls m\u00f6glich. Kontaktieren Sie uns, um sich \u00fcber die M\u00f6glichkeiten zu erkundigen.<\/p>\n<\/div><\/div><\/div><\/div><\/div><\/p>\n","protected":false},"excerpt":{"rendered":"","protected":false},"author":7,"featured_media":0,"parent":0,"menu_order":325,"comment_status":"closed","ping_status":"closed","template":"100-width.php","meta":{"footnotes":""},"class_list":["post-56815","page","type-page","status-publish","hentry"],"yoast_head":"<!-- This site is optimized with the Yoast SEO plugin v27.3 - https:\/\/yoast.com\/product\/yoast-seo-wordpress\/ -->\n<title>Kassentisch service Pillen Group<\/title>\n<meta name=\"description\" content=\"Sie haben ein Problem mit Ihrer Kassentisch? Oder Fragen zur Pflege von Kassenm\u00f6beln? Weitere Informationen auf unserer Serviceseite.\" \/>\n<meta name=\"robots\" content=\"index, follow, max-snippet:-1, max-image-preview:large, max-video-preview:-1\" \/>\n<link rel=\"canonical\" href=\"https:\/\/www.pillen.eu\/de\/service\/\" \/>\n<meta property=\"og:locale\" content=\"de_DE\" \/>\n<meta property=\"og:type\" content=\"article\" \/>\n<meta property=\"og:title\" content=\"Kassentisch service Pillen Group\" \/>\n<meta property=\"og:description\" content=\"Sie haben ein Problem mit Ihrer Kassentisch? Oder Fragen zur Pflege von Kassenm\u00f6beln? Weitere Informationen auf unserer Serviceseite.\" \/>\n<meta property=\"og:url\" content=\"https:\/\/www.pillen.eu\/de\/service\/\" \/>\n<meta property=\"og:site_name\" content=\"Pillen Group\" \/>\n<meta property=\"article:modified_time\" content=\"2023-06-08T07:46:02+00:00\" \/>\n<meta name=\"twitter:card\" content=\"summary_large_image\" \/>\n<meta name=\"twitter:label1\" content=\"Gesch\u00e4tzte Lesezeit\" \/>\n\t<meta name=\"twitter:data1\" content=\"3\u00a0Minuten\" \/>\n<script type=\"application\/ld+json\" class=\"yoast-schema-graph\">{\"@context\":\"https:\\\/\\\/schema.org\",\"@graph\":[{\"@type\":\"WebPage\",\"@id\":\"https:\\\/\\\/www.pillen.eu\\\/de\\\/service\\\/\",\"url\":\"https:\\\/\\\/www.pillen.eu\\\/de\\\/service\\\/\",\"name\":\"Kassentisch service Pillen Group\",\"isPartOf\":{\"@id\":\"https:\\\/\\\/www.pillen.eu\\\/#website\"},\"datePublished\":\"2022-12-21T15:25:03+00:00\",\"dateModified\":\"2023-06-08T07:46:02+00:00\",\"description\":\"Sie haben ein Problem mit Ihrer Kassentisch? Oder Fragen zur Pflege von Kassenm\u00f6beln? Weitere Informationen auf unserer Serviceseite.\",\"breadcrumb\":{\"@id\":\"https:\\\/\\\/www.pillen.eu\\\/de\\\/service\\\/#breadcrumb\"},\"inLanguage\":\"de\",\"potentialAction\":[{\"@type\":\"ReadAction\",\"target\":[\"https:\\\/\\\/www.pillen.eu\\\/de\\\/service\\\/\"]}]},{\"@type\":\"BreadcrumbList\",\"@id\":\"https:\\\/\\\/www.pillen.eu\\\/de\\\/service\\\/#breadcrumb\",\"itemListElement\":[{\"@type\":\"ListItem\",\"position\":1,\"name\":\"Home\",\"item\":\"https:\\\/\\\/www.pillen.eu\\\/de\\\/\"},{\"@type\":\"ListItem\",\"position\":2,\"name\":\"Service\"}]},{\"@type\":\"WebSite\",\"@id\":\"https:\\\/\\\/www.pillen.eu\\\/#website\",\"url\":\"https:\\\/\\\/www.pillen.eu\\\/\",\"name\":\"Pillen Group\",\"description\":\"(IM)possible, let&#039;s make it!\",\"publisher\":{\"@id\":\"https:\\\/\\\/www.pillen.eu\\\/#organization\"},\"potentialAction\":[{\"@type\":\"SearchAction\",\"target\":{\"@type\":\"EntryPoint\",\"urlTemplate\":\"https:\\\/\\\/www.pillen.eu\\\/?s={search_term_string}\"},\"query-input\":{\"@type\":\"PropertyValueSpecification\",\"valueRequired\":true,\"valueName\":\"search_term_string\"}}],\"inLanguage\":\"de\"},{\"@type\":\"Organization\",\"@id\":\"https:\\\/\\\/www.pillen.eu\\\/#organization\",\"name\":\"Pillen Group\",\"url\":\"https:\\\/\\\/www.pillen.eu\\\/\",\"logo\":{\"@type\":\"ImageObject\",\"inLanguage\":\"de\",\"@id\":\"https:\\\/\\\/www.pillen.eu\\\/#\\\/schema\\\/logo\\\/image\\\/\",\"url\":\"https:\\\/\\\/www.pillen.eu\\\/wp-content\\\/uploads\\\/2022\\\/09\\\/Pillen-Group-logo-horizontaal.jpg\",\"contentUrl\":\"https:\\\/\\\/www.pillen.eu\\\/wp-content\\\/uploads\\\/2022\\\/09\\\/Pillen-Group-logo-horizontaal.jpg\",\"width\":750,\"height\":398,\"caption\":\"Pillen Group\"},\"image\":{\"@id\":\"https:\\\/\\\/www.pillen.eu\\\/#\\\/schema\\\/logo\\\/image\\\/\"},\"sameAs\":[\"https:\\\/\\\/nl.linkedin.com\\\/company\\\/pillen-group-lichtenvoorde\"]}]}<\/script>\n<!-- \/ Yoast SEO plugin. -->","yoast_head_json":{"title":"Kassentisch service Pillen Group","description":"Sie haben ein Problem mit Ihrer Kassentisch? Oder Fragen zur Pflege von Kassenm\u00f6beln? Weitere Informationen auf unserer Serviceseite.","robots":{"index":"index","follow":"follow","max-snippet":"max-snippet:-1","max-image-preview":"max-image-preview:large","max-video-preview":"max-video-preview:-1"},"canonical":"https:\/\/www.pillen.eu\/de\/service\/","og_locale":"de_DE","og_type":"article","og_title":"Kassentisch service Pillen Group","og_description":"Sie haben ein Problem mit Ihrer Kassentisch? Oder Fragen zur Pflege von Kassenm\u00f6beln? Weitere Informationen auf unserer Serviceseite.","og_url":"https:\/\/www.pillen.eu\/de\/service\/","og_site_name":"Pillen Group","article_modified_time":"2023-06-08T07:46:02+00:00","twitter_card":"summary_large_image","twitter_misc":{"Gesch\u00e4tzte Lesezeit":"3\u00a0Minuten"},"schema":{"@context":"https:\/\/schema.org","@graph":[{"@type":"WebPage","@id":"https:\/\/www.pillen.eu\/de\/service\/","url":"https:\/\/www.pillen.eu\/de\/service\/","name":"Kassentisch service Pillen Group","isPartOf":{"@id":"https:\/\/www.pillen.eu\/#website"},"datePublished":"2022-12-21T15:25:03+00:00","dateModified":"2023-06-08T07:46:02+00:00","description":"Sie haben ein Problem mit Ihrer Kassentisch? Oder Fragen zur Pflege von Kassenm\u00f6beln? Weitere Informationen auf unserer Serviceseite.","breadcrumb":{"@id":"https:\/\/www.pillen.eu\/de\/service\/#breadcrumb"},"inLanguage":"de","potentialAction":[{"@type":"ReadAction","target":["https:\/\/www.pillen.eu\/de\/service\/"]}]},{"@type":"BreadcrumbList","@id":"https:\/\/www.pillen.eu\/de\/service\/#breadcrumb","itemListElement":[{"@type":"ListItem","position":1,"name":"Home","item":"https:\/\/www.pillen.eu\/de\/"},{"@type":"ListItem","position":2,"name":"Service"}]},{"@type":"WebSite","@id":"https:\/\/www.pillen.eu\/#website","url":"https:\/\/www.pillen.eu\/","name":"Pillen Group","description":"(IM)possible, let&#039;s make it!","publisher":{"@id":"https:\/\/www.pillen.eu\/#organization"},"potentialAction":[{"@type":"SearchAction","target":{"@type":"EntryPoint","urlTemplate":"https:\/\/www.pillen.eu\/?s={search_term_string}"},"query-input":{"@type":"PropertyValueSpecification","valueRequired":true,"valueName":"search_term_string"}}],"inLanguage":"de"},{"@type":"Organization","@id":"https:\/\/www.pillen.eu\/#organization","name":"Pillen Group","url":"https:\/\/www.pillen.eu\/","logo":{"@type":"ImageObject","inLanguage":"de","@id":"https:\/\/www.pillen.eu\/#\/schema\/logo\/image\/","url":"https:\/\/www.pillen.eu\/wp-content\/uploads\/2022\/09\/Pillen-Group-logo-horizontaal.jpg","contentUrl":"https:\/\/www.pillen.eu\/wp-content\/uploads\/2022\/09\/Pillen-Group-logo-horizontaal.jpg","width":750,"height":398,"caption":"Pillen Group"},"image":{"@id":"https:\/\/www.pillen.eu\/#\/schema\/logo\/image\/"},"sameAs":["https:\/\/nl.linkedin.com\/company\/pillen-group-lichtenvoorde"]}]}},"_links":{"self":[{"href":"https:\/\/www.pillen.eu\/de\/wp-json\/wp\/v2\/pages\/56815","targetHints":{"allow":["GET"]}}],"collection":[{"href":"https:\/\/www.pillen.eu\/de\/wp-json\/wp\/v2\/pages"}],"about":[{"href":"https:\/\/www.pillen.eu\/de\/wp-json\/wp\/v2\/types\/page"}],"author":[{"embeddable":true,"href":"https:\/\/www.pillen.eu\/de\/wp-json\/wp\/v2\/users\/7"}],"replies":[{"embeddable":true,"href":"https:\/\/www.pillen.eu\/de\/wp-json\/wp\/v2\/comments?post=56815"}],"version-history":[{"count":0,"href":"https:\/\/www.pillen.eu\/de\/wp-json\/wp\/v2\/pages\/56815\/revisions"}],"wp:attachment":[{"href":"https:\/\/www.pillen.eu\/de\/wp-json\/wp\/v2\/media?parent=56815"}],"curies":[{"name":"wp","href":"https:\/\/api.w.org\/{rel}","templated":true}]}}