{"id":55553,"date":"2022-05-04T14:24:28","date_gmt":"2022-05-04T12:24:28","guid":{"rendered":"https:\/\/www.pillen.eu\/circulaire-maakindustrie\/"},"modified":"2025-01-23T15:28:22","modified_gmt":"2025-01-23T14:28:22","slug":"nachhaltige-produktionsweise","status":"publish","type":"page","link":"https:\/\/www.pillen.eu\/de\/uber-uns\/nachhaltige-produktionsweise\/","title":{"rendered":"Nachhaltige Produktionsweise"},"content":{"rendered":"<p><div class=\"fusion-fullwidth fullwidth-box fusion-builder-row-1 nonhundred-percent-fullwidth non-hundred-percent-height-scrolling\" style=\"--awb-border-radius-top-left:0px;--awb-border-radius-top-right:0px;--awb-border-radius-bottom-right:0px;--awb-border-radius-bottom-left:0px;--awb-padding-top:30px;--awb-padding-bottom:20px;--awb-margin-top:-20px;--awb-margin-bottom:-20px;--awb-background-color:#d6d6d6;--awb-flex-wrap:wrap;\" ><div class=\"fusion-builder-row fusion-row\"><div class=\"fusion-layout-column fusion_builder_column fusion-builder-column-0 fusion_builder_column_2_3 2_3 fusion-two-third fusion-column-first\" style=\"--awb-bg-size:cover;width:66.666666666667%;width:calc(66.666666666667% - ( ( 4% ) * 0.66666666666667 ) );margin-right: 4%;\"><div class=\"fusion-column-wrapper fusion-column-has-shadow fusion-flex-column-wrapper-legacy\"><div class=\"fusion-title title fusion-title-1 fusion-sep-none fusion-title-text fusion-title-size-two\" style=\"--awb-text-color:#2b2f35;--awb-margin-bottom:0px;--awb-margin-top-small:10px;--awb-margin-right-small:0px;--awb-margin-bottom-small:10px;--awb-margin-left-small:0px;--awb-font-size:45px;\"><h2 class=\"fusion-title-heading title-heading-left fusion-responsive-typography-calculated\" style=\"font-family:var(--awb-typography2-font-family);font-weight:var(--awb-typography2-font-weight);font-style:var(--awb-typography2-font-style);margin:0;font-size:1em;--fontSize:45;line-height:1.5;\">Nachhaltige Produktionsweise<\/h2><\/div><div class=\"fusion-sep-clear\"><\/div><div class=\"fusion-separator fusion-full-width-sep\" style=\"margin-left: auto;margin-right: auto;margin-top:10px;margin-bottom:10px;width:100%;\"><\/div><div class=\"fusion-sep-clear\"><\/div><div class=\"fusion-text fusion-text-1\"><p>Als Pillen Group engagieren wir uns st\u00e4ndig f\u00fcr die <span style=\"text-decoration: underline;\">Soziale Verantwortung von Unternehmen<\/span>. Nicht nur innerhalb der Pillen Group, sondern auch mit unseren Beziehungen. Mit unserem Wissen und unserer Handwerkskunst helfen wir unseren Kunden, ihre Gesch\u00e4ftsabl\u00e4ufe nachhaltig zu verbessern.<\/p>\n<p>Unser Platz in der Gesellschaft ist eine Rolle, derer wir uns bewusst sind und zu der wir aktiv beitragen. Neben unserem Beitrag f\u00fcr die Gesellschaft (People) sind f\u00fcr uns auch die Umwelt (Planet) und die Wirtschaft (Profit) wichtige Aspekte.<\/p>\n<p>M\u00f6chten Sie wissen, was Corporate Social Responsibility f\u00fcr uns bedeutet und welche Entscheidungen wir in dieser Hinsicht treffen?<\/p>\n<p>Lesen Sie unsere <a href=\"https:\/\/www.pillen.eu\/wp-content\/uploads\/2025\/01\/Kwaliteitsverklaring-management-en-milieu_PIllen-Group_2022-1.pdf\" target=\"_blank\" rel=\"noopener\"><span style=\"text-decoration: underline;\">CSR-Nachhaltigkeitserkl\u00e4rung<\/span>.<\/a><\/p>\n<\/div><div class=\"fusion-clearfix\"><\/div><\/div><\/div><\/div><\/div><div class=\"fusion-fullwidth fullwidth-box fusion-builder-row-2 fusion-flex-container nonhundred-percent-fullwidth non-hundred-percent-height-scrolling\" style=\"--awb-border-radius-top-left:0px;--awb-border-radius-top-right:0px;--awb-border-radius-bottom-right:0px;--awb-border-radius-bottom-left:0px;--awb-padding-bottom:0px;--awb-margin-bottom:-20px;--awb-background-color:#ededed;--awb-flex-wrap:wrap;\" ><div class=\"fusion-builder-row fusion-row fusion-flex-align-items-flex-start fusion-flex-content-wrap\" style=\"max-width:1352px;margin-left: calc(-4% \/ 2 );margin-right: calc(-4% \/ 2 );\"><div class=\"fusion-layout-column fusion_builder_column fusion-builder-column-1 fusion_builder_column_1_2 1_2 fusion-flex-column\" style=\"--awb-bg-size:cover;--awb-width-large:50%;--awb-margin-top-large:0px;--awb-spacing-right-large:3.84%;--awb-margin-bottom-large:20px;--awb-spacing-left-large:3.84%;--awb-width-medium:100%;--awb-order-medium:0;--awb-spacing-right-medium:1.92%;--awb-spacing-left-medium:1.92%;--awb-width-small:100%;--awb-order-small:0;--awb-spacing-right-small:1.92%;--awb-spacing-left-small:1.92%;\"><div class=\"fusion-column-wrapper fusion-column-has-shadow fusion-flex-justify-content-flex-start fusion-content-layout-column\"><div class=\"fusion-title title fusion-title-2 fusion-sep-none fusion-title-text fusion-title-size-two\" style=\"--awb-margin-bottom:0px;--awb-margin-top-small:10px;--awb-margin-right-small:0px;--awb-margin-bottom-small:10px;--awb-margin-left-small:0px;\"><h2 class=\"fusion-title-heading title-heading-left fusion-responsive-typography-calculated\" style=\"font-family:var(--awb-typography2-font-family);font-weight:var(--awb-typography2-font-weight);font-style:var(--awb-typography2-font-style);margin:0;--fontSize:32;line-height:1.2;\">M\u00f6chten Sie mehr \u00fcber unsere CSR-Richtlinie erfahren?<\/h2><\/div><div class=\"fusion-text fusion-text-2\" style=\"--awb-margin-top:20px;--awb-text-font-family:var(--awb-typography4-font-family);--awb-text-font-weight:var(--awb-typography4-font-weight);--awb-text-font-style:var(--awb-typography4-font-style);\"><p>Haben Sie eine Frage und\/oder einen Kommentar? Bitte z\u00f6gern Sie nicht uns zu kontaktieren. Sie k\u00f6nnen uns anrufen oder eine E-Mail senden. Sie erreichen uns \u00fcber das Kontaktformular. Wir werden uns dann schnellstm\u00f6glich mit Ihnen in Verbindung setzen.<\/p>\n<\/div><div ><a class=\"fusion-button button-flat fusion-button-default-size button-custom fusion-button-default button-1 fusion-button-default-span fusion-button-default-type\" style=\"--button_accent_color:#ffffff;--button_border_color:var(--awb-color6);--button_accent_hover_color:var(--awb-color6);--button_border_hover_color:var(--awb-color6);--button_border_width-top:2px;--button_border_width-right:2px;--button_border_width-bottom:2px;--button_border_width-left:2px;--button_gradient_top_color:var(--awb-color6);--button_gradient_bottom_color:var(--awb-color6);--button_gradient_top_color_hover:var(--awb-color1);--button_gradient_bottom_color_hover:var(--awb-color1);\" target=\"_self\" href=\"tel:+31544390000\"><span class=\"fusion-button-text awb-button__text awb-button__text--default\">Rufen Sie uns an<\/span><i class=\"fa-phone fas awb-button__icon awb-button__icon--default button-icon-right\" aria-hidden=\"true\"><\/i><\/a><\/div><div ><a class=\"fusion-button button-flat fusion-button-default-size button-custom fusion-button-default button-2 fusion-button-default-span fusion-button-default-type\" style=\"--button_accent_color:#ffffff;--button_border_color:var(--awb-color6);--button_accent_hover_color:var(--awb-color6);--button_border_hover_color:var(--awb-color6);--button_border_width-top:2px;--button_border_width-right:2px;--button_border_width-bottom:2px;--button_border_width-left:2px;--button_gradient_top_color:var(--awb-color6);--button_gradient_bottom_color:var(--awb-color6);--button_gradient_top_color_hover:var(--awb-color1);--button_gradient_bottom_color_hover:var(--awb-color1);--button_margin-top:20px;\" target=\"_self\" href=\"mailto:info@pillen.eu\"><span class=\"fusion-button-text awb-button__text awb-button__text--default\">Schreiben Sie uns<\/span><i class=\"fa-envelope fas awb-button__icon awb-button__icon--default button-icon-right\" aria-hidden=\"true\"><\/i><\/a><\/div><div class=\"fusion-title title fusion-title-3 fusion-sep-none fusion-title-text fusion-title-size-three\" style=\"--awb-margin-top:20px;--awb-margin-bottom:0px;--awb-margin-top-small:10px;--awb-margin-right-small:0px;--awb-margin-bottom-small:10px;--awb-margin-left-small:0px;\"><h3 class=\"fusion-title-heading title-heading-left fusion-responsive-typography-calculated\" style=\"font-family:var(--awb-typography2-font-family);font-weight:var(--awb-typography2-font-weight);font-style:var(--awb-typography2-font-style);margin:0;--fontSize:24;line-height:1.2;\">\u00d6ffnungszeiten<\/h3><\/div><div class=\"fusion-text fusion-text-3\" style=\"--awb-margin-top:20px;--awb-text-font-family:var(--awb-typography4-font-family);--awb-text-font-weight:var(--awb-typography4-font-weight);--awb-text-font-style:var(--awb-typography4-font-style);\"><p><strong>Telefonisch:<\/strong>\u00a008.00 \u2013 16.45 Uhr<\/p>\n<p><strong>Besuchszeiten:<\/strong>\u00a008.00 \u2013 17.00 Uhr<\/p>\n<p><strong>Expedition:<\/strong>\u00a008.00 \u2013 16.15 Uhr<\/p>\n<\/div><\/div><\/div><div class=\"fusion-layout-column fusion_builder_column fusion-builder-column-2 fusion_builder_column_1_2 1_2 fusion-flex-column\" style=\"--awb-bg-size:cover;--awb-width-large:50%;--awb-margin-top-large:0px;--awb-spacing-right-large:3.84%;--awb-margin-bottom-large:20px;--awb-spacing-left-large:3.84%;--awb-width-medium:100%;--awb-order-medium:0;--awb-spacing-right-medium:1.92%;--awb-spacing-left-medium:1.92%;--awb-width-small:100%;--awb-order-small:0;--awb-spacing-right-small:1.92%;--awb-spacing-left-small:1.92%;\"><div class=\"fusion-column-wrapper fusion-column-has-shadow fusion-flex-justify-content-flex-start fusion-content-layout-column\"><div class=\"fusion-title title fusion-title-4 fusion-sep-none fusion-title-text fusion-title-size-two\" style=\"--awb-margin-bottom:10px;--awb-margin-top-small:10px;--awb-margin-right-small:0px;--awb-margin-bottom-small:10px;--awb-margin-left-small:0px;\"><h2 class=\"fusion-title-heading title-heading-left fusion-responsive-typography-calculated\" style=\"font-family:var(--awb-typography2-font-family);font-weight:var(--awb-typography2-font-weight);font-style:var(--awb-typography2-font-style);margin:0;--fontSize:32;line-height:1.5;\">Kontaktformular<\/h2><\/div><div class=\"fusion-form fusion-form-builder fusion-form-form-wrapper fusion-form-53795 has-icon-alignment\" style=\"--awb-tooltip-text-color:var(--awb-color7);--awb-tooltip-background-color:var(--awb-color1);--awb-field-margin-top:-5px;--awb-field-margin-bottom:-5px;--awb-form-input-height:30px;--awb-form-bg-color:var(--awb-color1);--awb-form-placeholder-color:var(--awb-color6);--awb-form-text-color:var(--awb-color7);--awb-form-label-color:var(--awb-color6);--awb-form-border-width-top:1px;--awb-form-border-width-bottom:1px;--awb-form-border-width-right:1px;--awb-form-border-width-left:1px;--awb-form-border-color:var(--awb-color8);--awb-form-focus-border-color:var(--awb-color8);--awb-form-focus-border-hover-color:hsla(var(--awb-color8-h),var(--awb-color8-s),var(--awb-color8-l),calc(var(--awb-color8-a) - 50%));--awb-icon-alignment-top:1px;--awb-icon-alignment-bottom:1px;--awb-icon-alignment-font-size:1em;\" data-form-id=\"53795\" data-config=\"{&quot;form_id&quot;:53795,&quot;form_post_id&quot;:53795,&quot;post_id&quot;:55553,&quot;form_type&quot;:&quot;ajax&quot;,&quot;confirmation_type&quot;:&quot;redirect&quot;,&quot;redirect_url&quot;:&quot;https:\\\/\\\/www.pillen.eu\\\/de\\\/kontakt\\\/danke-allgemein\\\/&quot;,&quot;redirect_timeout&quot;:&quot;0&quot;,&quot;field_labels&quot;:{&quot;name&quot;:&quot;Name&quot;,&quot;e-mail-addresse&quot;:&quot;E-Mail-Addresse&quot;,&quot;telefonnummer&quot;:&quot;Telefonnummer&quot;,&quot;nachricht&quot;:&quot;Nachricht&quot;},&quot;field_logics&quot;:{&quot;name&quot;:&quot;&quot;,&quot;e-mail-addresse&quot;:&quot;&quot;,&quot;telefonnummer&quot;:&quot;&quot;,&quot;nachricht&quot;:&quot;&quot;,&quot;submit_1&quot;:&quot;&quot;},&quot;field_types&quot;:{&quot;name&quot;:&quot;text&quot;,&quot;e-mail-addresse&quot;:&quot;email&quot;,&quot;telefonnummer&quot;:&quot;phone_number&quot;,&quot;nachricht&quot;:&quot;textarea&quot;,&quot;hypot_field&quot;:&quot;honeypot&quot;,&quot;recaptcha_1&quot;:&quot;recaptcha&quot;,&quot;submit_1&quot;:&quot;submit&quot;},&quot;nonce_method&quot;:&quot;ajax&quot;,&quot;form_views&quot;:&quot;ajax&quot;,&quot;form_views_counting&quot;:&quot;all&quot;}\"><form action=\"https:\/\/www.pillen.eu\/de\/uber-uns\/nachhaltige-produktionsweise\/\" method=\"post\" class=\"fusion-form fusion-form-53795\"><div class=\"fusion-fullwidth fullwidth-box fusion-builder-row-2-1 fusion-flex-container has-pattern-background has-mask-background nonhundred-percent-fullwidth non-hundred-percent-height-scrolling\" style=\"--awb-border-radius-top-left:0px;--awb-border-radius-top-right:0px;--awb-border-radius-bottom-right:0px;--awb-border-radius-bottom-left:0px;--awb-flex-wrap:wrap;\" ><div class=\"fusion-builder-row fusion-row fusion-flex-align-items-flex-start fusion-flex-content-wrap\" style=\"width:104% !important;max-width:104% !important;margin-left: calc(-4% \/ 2 );margin-right: calc(-4% \/ 2 );\"><div class=\"fusion-layout-column fusion_builder_column fusion-builder-column-3 fusion_builder_column_1_1 1_1 fusion-flex-column\" style=\"--awb-bg-size:cover;--awb-width-large:100%;--awb-flex-grow:0;--awb-flex-shrink:0;--awb-margin-top-large:0px;--awb-spacing-right-large:1.92%;--awb-margin-bottom-large:20px;--awb-spacing-left-large:1.92%;--awb-width-medium:100%;--awb-order-medium:0;--awb-flex-grow-medium:0;--awb-flex-shrink-medium:0;--awb-spacing-right-medium:1.92%;--awb-spacing-left-medium:1.92%;--awb-width-small:100%;--awb-order-small:0;--awb-flex-grow-small:0;--awb-flex-shrink-small:0;--awb-spacing-right-small:1.92%;--awb-spacing-left-small:1.92%;\"><div class=\"fusion-column-wrapper fusion-column-has-shadow fusion-flex-justify-content-flex-start fusion-content-layout-column\"><div class=\"fusion-form-field fusion-form-text-field fusion-form-label-above\" style=\"\" data-form-id=\"53795\"><div class=\"fusion-form-label-wrapper\"><label for=\"name\">Name <abbr class=\"fusion-form-element-required\" title=\"required\">*<\/abbr><\/label><\/div><input type=\"text\" autocomplete=\"off\" name=\"name\" id=\"name\" value=\"\"  class=\"fusion-form-input\" required=\"true\" aria-required=\"true\" data-holds-private-data=\"false\" minlength=\"0\"\/><\/div><div class=\"fusion-form-field fusion-form-email-field fusion-form-label-above\" style=\"\" data-form-id=\"53795\"><div class=\"fusion-form-label-wrapper\"><label for=\"e-mail-addresse\">E-Mail-Addresse <abbr class=\"fusion-form-element-required\" title=\"required\">*<\/abbr><\/label><\/div><input type=\"email\" autocomplete=\"off\" name=\"e-mail-addresse\" id=\"e-mail-addresse\" value=\"\"  class=\"fusion-form-input\" required=\"true\" aria-required=\"true\" data-holds-private-data=\"false\"\/><\/div><div class=\"fusion-form-field fusion-form-phone-number-field fusion-form-label-above\" style=\"\" data-form-id=\"53795\"><div class=\"fusion-form-label-wrapper\"><label for=\"telefonnummer\">Telefonnummer<\/label><\/div><div class=\"fusion-form-input-with-icon\"><i class=\"awb-form-icon fa-phone-square-alt fas\"><\/i><input type=\"tel\" autocomplete=\"off\" name=\"telefonnummer\" id=\"telefonnummer\" value=\"\"  class=\"fusion-form-input\" data-holds-private-data=\"false\"\/><\/div><\/div><div class=\"fusion-form-field fusion-form-textarea-field fusion-form-label-above\" style=\"\" data-form-id=\"53795\"><label for=\"nachricht\">Nachricht <abbr class=\"fusion-form-element-required\" title=\"required\">*<\/abbr><\/label><textarea cols=\"40\" autocomplete=\"off\"  minlength=\"0\"  rows=\"4\" tabindex=\"\" id=\"nachricht\" name=\"nachricht\" class=\"fusion-form-input\" required=\"true\" aria-required=\"true\" data-holds-private-data=\"false\"><\/textarea><\/div><div class=\"fusion-form-field fusion-form-honeypot-field fusion-form-label-above\" style=\"\" data-form-id=\"53795\"><input type=\"hidden\" tabindex=\"-1\" name=\"hypot_field\" class=\"fusion-form-input\" autocomplete=\"hypot-69dd18b47f38a\" aria-hidden=\"true\" data-fusion-is-honeypot=\"true\"><\/div><div class=\"fusion-form-field fusion-form-recaptcha-field fusion-form-label-above\" style=\"\" data-form-id=\"53795\">\t\t\t\t<div class=\"form-creator-recaptcha\" >\n\t\t\t\t\t\t\t\t\t\t\t\t\t\t\t\t\t\t\t\t\t\t\t<div class=\"fusion-form-recaptcha-wrapper\">\n\t\t\t\t\t\t\t\t\t\t<div\n\t\t\t\t\t\t\tid=\"g-recaptcha-id-form-53795\"\n\t\t\t\t\t\t\tclass=\"fusion-form-recaptcha-v3 recaptcha-container \"\n\t\t\t\t\t\t\tdata-sitekey=\"6Lew6ZglAAAAAAoTWb_DIa9jvghmibHsQxCBzr7z\"\n\t\t\t\t\t\t\tdata-badge=\"inline\">\n\t\t\t\t\t\t<\/div>\n\t\t\t\t\t\t<input\n\t\t\t\t\t\t\ttype=\"hidden\"\n\t\t\t\t\t\t\tname=\"fusion-form-recaptcha-response\"\n\t\t\t\t\t\t\tclass=\"g-recaptcha-response\"\n\t\t\t\t\t\t\tid=\"fusion-form-recaptcha-response-53795\"\n\t\t\t\t\t\t\tvalue=\"\">\n\t\t\t\t\t\t\t\t\t<\/div>\n\t\t\t\t\t\t\t\t\t\t\t\t\t\t\t<\/div>\n\t\t\t\t<\/div><div class=\"fusion-form-field fusion-form-submit-field fusion-form-label-above\" style=\"\" data-form-id=\"53795\"><div style=\"text-align:right;\"><button type=\"submit\" class=\"fusion-button button-flat fusion-button-default-size button-custom fusion-button-default button-3 fusion-button-default-span  button-default form-form-submit\" style=\"--button_accent_color:var(--awb-color1);--button_border_color:#f76c2c;--button_accent_hover_color:var(--awb-color1);--button_border_hover_color:#0067b6;--button_gradient_top_color:#f76c2c;--button_gradient_bottom_color:#f76c2c;--button_gradient_top_color_hover:var(--awb-color6);--button_gradient_bottom_color_hover:var(--awb-color6);--button_margin-top:30px;\" data-form-number=\"53795\" tabindex=\"\"><span class=\"fusion-button-text awb-button__text awb-button__text--default\">Senden<\/span><i class=\"fa-angle-right fas awb-button__icon awb-button__icon--default button-icon-right\" aria-hidden=\"true\"><\/i><\/button><\/div><\/div><\/div><\/div><\/div><\/div><input type=\"hidden\" name=\"fusion_privacy_expiration_interval\" value=\"48\"><input type=\"hidden\" name=\"privacy_expiration_action\" value=\"anonymize\"><\/form><\/div><\/div><\/div><\/div><\/div><\/p>\n","protected":false},"excerpt":{"rendered":"","protected":false},"author":7,"featured_media":0,"parent":56009,"menu_order":215,"comment_status":"closed","ping_status":"closed","template":"100-width.php","meta":{"footnotes":""},"class_list":["post-55553","page","type-page","status-publish","hentry"],"yoast_head":"<!-- This site is optimized with the Yoast SEO plugin v27.3 - https:\/\/yoast.com\/product\/yoast-seo-wordpress\/ -->\n<title>Nachhaltige Produktionsweise von der Pillen Group<\/title>\n<meta name=\"description\" content=\"Lesen Sie mehr \u00fcber unsere soziale Verantwortung als Unternehmen und wie wir Entscheidungen zu der Nachhaltigkeit treffen.\" \/>\n<meta name=\"robots\" content=\"index, follow, max-snippet:-1, max-image-preview:large, max-video-preview:-1\" \/>\n<link rel=\"canonical\" href=\"https:\/\/www.pillen.eu\/de\/uber-uns\/nachhaltige-produktionsweise\/\" \/>\n<meta property=\"og:locale\" content=\"de_DE\" \/>\n<meta property=\"og:type\" content=\"article\" \/>\n<meta property=\"og:title\" content=\"Nachhaltige Produktionsweise von der Pillen Group\" \/>\n<meta property=\"og:description\" content=\"Lesen Sie mehr \u00fcber unsere soziale Verantwortung als Unternehmen und wie wir Entscheidungen zu der Nachhaltigkeit treffen.\" \/>\n<meta property=\"og:url\" content=\"https:\/\/www.pillen.eu\/de\/uber-uns\/nachhaltige-produktionsweise\/\" \/>\n<meta property=\"og:site_name\" content=\"Pillen Group\" \/>\n<meta property=\"article:modified_time\" content=\"2025-01-23T14:28:22+00:00\" \/>\n<meta name=\"twitter:card\" content=\"summary_large_image\" \/>\n<meta name=\"twitter:label1\" content=\"Gesch\u00e4tzte Lesezeit\" \/>\n\t<meta name=\"twitter:data1\" content=\"2\u00a0Minuten\" \/>\n<script type=\"application\/ld+json\" class=\"yoast-schema-graph\">{\"@context\":\"https:\\\/\\\/schema.org\",\"@graph\":[{\"@type\":\"WebPage\",\"@id\":\"https:\\\/\\\/www.pillen.eu\\\/de\\\/uber-uns\\\/nachhaltige-produktionsweise\\\/\",\"url\":\"https:\\\/\\\/www.pillen.eu\\\/de\\\/uber-uns\\\/nachhaltige-produktionsweise\\\/\",\"name\":\"Nachhaltige Produktionsweise von der Pillen Group\",\"isPartOf\":{\"@id\":\"https:\\\/\\\/www.pillen.eu\\\/#website\"},\"datePublished\":\"2022-05-04T12:24:28+00:00\",\"dateModified\":\"2025-01-23T14:28:22+00:00\",\"description\":\"Lesen Sie mehr \u00fcber unsere soziale Verantwortung als Unternehmen und wie wir Entscheidungen zu der Nachhaltigkeit treffen.\",\"breadcrumb\":{\"@id\":\"https:\\\/\\\/www.pillen.eu\\\/de\\\/uber-uns\\\/nachhaltige-produktionsweise\\\/#breadcrumb\"},\"inLanguage\":\"de\",\"potentialAction\":[{\"@type\":\"ReadAction\",\"target\":[\"https:\\\/\\\/www.pillen.eu\\\/de\\\/uber-uns\\\/nachhaltige-produktionsweise\\\/\"]}]},{\"@type\":\"BreadcrumbList\",\"@id\":\"https:\\\/\\\/www.pillen.eu\\\/de\\\/uber-uns\\\/nachhaltige-produktionsweise\\\/#breadcrumb\",\"itemListElement\":[{\"@type\":\"ListItem\",\"position\":1,\"name\":\"Home\",\"item\":\"https:\\\/\\\/www.pillen.eu\\\/de\\\/\"},{\"@type\":\"ListItem\",\"position\":2,\"name\":\"\u00dcber uns\",\"item\":\"https:\\\/\\\/www.pillen.eu\\\/de\\\/uber-uns\\\/\"},{\"@type\":\"ListItem\",\"position\":3,\"name\":\"Nachhaltige Produktionsweise\"}]},{\"@type\":\"WebSite\",\"@id\":\"https:\\\/\\\/www.pillen.eu\\\/#website\",\"url\":\"https:\\\/\\\/www.pillen.eu\\\/\",\"name\":\"Pillen Group\",\"description\":\"(IM)possible, let&#039;s make it!\",\"publisher\":{\"@id\":\"https:\\\/\\\/www.pillen.eu\\\/#organization\"},\"potentialAction\":[{\"@type\":\"SearchAction\",\"target\":{\"@type\":\"EntryPoint\",\"urlTemplate\":\"https:\\\/\\\/www.pillen.eu\\\/?s={search_term_string}\"},\"query-input\":{\"@type\":\"PropertyValueSpecification\",\"valueRequired\":true,\"valueName\":\"search_term_string\"}}],\"inLanguage\":\"de\"},{\"@type\":\"Organization\",\"@id\":\"https:\\\/\\\/www.pillen.eu\\\/#organization\",\"name\":\"Pillen Group\",\"url\":\"https:\\\/\\\/www.pillen.eu\\\/\",\"logo\":{\"@type\":\"ImageObject\",\"inLanguage\":\"de\",\"@id\":\"https:\\\/\\\/www.pillen.eu\\\/#\\\/schema\\\/logo\\\/image\\\/\",\"url\":\"https:\\\/\\\/www.pillen.eu\\\/wp-content\\\/uploads\\\/2022\\\/09\\\/Pillen-Group-logo-horizontaal.jpg\",\"contentUrl\":\"https:\\\/\\\/www.pillen.eu\\\/wp-content\\\/uploads\\\/2022\\\/09\\\/Pillen-Group-logo-horizontaal.jpg\",\"width\":750,\"height\":398,\"caption\":\"Pillen Group\"},\"image\":{\"@id\":\"https:\\\/\\\/www.pillen.eu\\\/#\\\/schema\\\/logo\\\/image\\\/\"},\"sameAs\":[\"https:\\\/\\\/nl.linkedin.com\\\/company\\\/pillen-group-lichtenvoorde\"]}]}<\/script>\n<!-- \/ Yoast SEO plugin. -->","yoast_head_json":{"title":"Nachhaltige Produktionsweise von der Pillen Group","description":"Lesen Sie mehr \u00fcber unsere soziale Verantwortung als Unternehmen und wie wir Entscheidungen zu der Nachhaltigkeit treffen.","robots":{"index":"index","follow":"follow","max-snippet":"max-snippet:-1","max-image-preview":"max-image-preview:large","max-video-preview":"max-video-preview:-1"},"canonical":"https:\/\/www.pillen.eu\/de\/uber-uns\/nachhaltige-produktionsweise\/","og_locale":"de_DE","og_type":"article","og_title":"Nachhaltige Produktionsweise von der Pillen Group","og_description":"Lesen Sie mehr \u00fcber unsere soziale Verantwortung als Unternehmen und wie wir Entscheidungen zu der Nachhaltigkeit treffen.","og_url":"https:\/\/www.pillen.eu\/de\/uber-uns\/nachhaltige-produktionsweise\/","og_site_name":"Pillen Group","article_modified_time":"2025-01-23T14:28:22+00:00","twitter_card":"summary_large_image","twitter_misc":{"Gesch\u00e4tzte Lesezeit":"2\u00a0Minuten"},"schema":{"@context":"https:\/\/schema.org","@graph":[{"@type":"WebPage","@id":"https:\/\/www.pillen.eu\/de\/uber-uns\/nachhaltige-produktionsweise\/","url":"https:\/\/www.pillen.eu\/de\/uber-uns\/nachhaltige-produktionsweise\/","name":"Nachhaltige Produktionsweise von der Pillen Group","isPartOf":{"@id":"https:\/\/www.pillen.eu\/#website"},"datePublished":"2022-05-04T12:24:28+00:00","dateModified":"2025-01-23T14:28:22+00:00","description":"Lesen Sie mehr \u00fcber unsere soziale Verantwortung als Unternehmen und wie wir Entscheidungen zu der Nachhaltigkeit treffen.","breadcrumb":{"@id":"https:\/\/www.pillen.eu\/de\/uber-uns\/nachhaltige-produktionsweise\/#breadcrumb"},"inLanguage":"de","potentialAction":[{"@type":"ReadAction","target":["https:\/\/www.pillen.eu\/de\/uber-uns\/nachhaltige-produktionsweise\/"]}]},{"@type":"BreadcrumbList","@id":"https:\/\/www.pillen.eu\/de\/uber-uns\/nachhaltige-produktionsweise\/#breadcrumb","itemListElement":[{"@type":"ListItem","position":1,"name":"Home","item":"https:\/\/www.pillen.eu\/de\/"},{"@type":"ListItem","position":2,"name":"\u00dcber uns","item":"https:\/\/www.pillen.eu\/de\/uber-uns\/"},{"@type":"ListItem","position":3,"name":"Nachhaltige Produktionsweise"}]},{"@type":"WebSite","@id":"https:\/\/www.pillen.eu\/#website","url":"https:\/\/www.pillen.eu\/","name":"Pillen Group","description":"(IM)possible, let&#039;s make it!","publisher":{"@id":"https:\/\/www.pillen.eu\/#organization"},"potentialAction":[{"@type":"SearchAction","target":{"@type":"EntryPoint","urlTemplate":"https:\/\/www.pillen.eu\/?s={search_term_string}"},"query-input":{"@type":"PropertyValueSpecification","valueRequired":true,"valueName":"search_term_string"}}],"inLanguage":"de"},{"@type":"Organization","@id":"https:\/\/www.pillen.eu\/#organization","name":"Pillen Group","url":"https:\/\/www.pillen.eu\/","logo":{"@type":"ImageObject","inLanguage":"de","@id":"https:\/\/www.pillen.eu\/#\/schema\/logo\/image\/","url":"https:\/\/www.pillen.eu\/wp-content\/uploads\/2022\/09\/Pillen-Group-logo-horizontaal.jpg","contentUrl":"https:\/\/www.pillen.eu\/wp-content\/uploads\/2022\/09\/Pillen-Group-logo-horizontaal.jpg","width":750,"height":398,"caption":"Pillen Group"},"image":{"@id":"https:\/\/www.pillen.eu\/#\/schema\/logo\/image\/"},"sameAs":["https:\/\/nl.linkedin.com\/company\/pillen-group-lichtenvoorde"]}]}},"_links":{"self":[{"href":"https:\/\/www.pillen.eu\/de\/wp-json\/wp\/v2\/pages\/55553","targetHints":{"allow":["GET"]}}],"collection":[{"href":"https:\/\/www.pillen.eu\/de\/wp-json\/wp\/v2\/pages"}],"about":[{"href":"https:\/\/www.pillen.eu\/de\/wp-json\/wp\/v2\/types\/page"}],"author":[{"embeddable":true,"href":"https:\/\/www.pillen.eu\/de\/wp-json\/wp\/v2\/users\/7"}],"replies":[{"embeddable":true,"href":"https:\/\/www.pillen.eu\/de\/wp-json\/wp\/v2\/comments?post=55553"}],"version-history":[{"count":1,"href":"https:\/\/www.pillen.eu\/de\/wp-json\/wp\/v2\/pages\/55553\/revisions"}],"predecessor-version":[{"id":75634,"href":"https:\/\/www.pillen.eu\/de\/wp-json\/wp\/v2\/pages\/55553\/revisions\/75634"}],"up":[{"embeddable":true,"href":"https:\/\/www.pillen.eu\/de\/wp-json\/wp\/v2\/pages\/56009"}],"wp:attachment":[{"href":"https:\/\/www.pillen.eu\/de\/wp-json\/wp\/v2\/media?parent=55553"}],"curies":[{"name":"wp","href":"https:\/\/api.w.org\/{rel}","templated":true}]}}