{"id":1431,"date":"2018-05-18T20:23:17","date_gmt":"2018-05-18T18:23:17","guid":{"rendered":"https:\/\/www.pillen.eu\/?page_id=1431"},"modified":"2025-01-14T20:19:26","modified_gmt":"2025-01-14T19:19:26","slug":"downloads","status":"publish","type":"page","link":"https:\/\/www.pillen.eu\/de\/downloads\/","title":{"rendered":"Downloads"},"content":{"rendered":"<div class=\"fusion-fullwidth fullwidth-box fusion-builder-row-1 nonhundred-percent-fullwidth non-hundred-percent-height-scrolling\" style=\"--awb-border-radius-top-left:0px;--awb-border-radius-top-right:0px;--awb-border-radius-bottom-right:0px;--awb-border-radius-bottom-left:0px;--awb-flex-wrap:wrap;\" ><div class=\"fusion-builder-row fusion-row\"><div class=\"fusion-layout-column fusion_builder_column fusion-builder-column-0 fusion_builder_column_1_2 1_2 fusion-one-half fusion-column-first\" style=\"--awb-bg-size:cover;width:50%;width:calc(50% - ( ( 4% ) * 0.5 ) );margin-right: 4%;\"><div class=\"fusion-column-wrapper fusion-column-has-shadow fusion-flex-column-wrapper-legacy\"><div class=\"fusion-title title fusion-title-1 fusion-sep-none fusion-title-text fusion-title-size-two\" style=\"--awb-margin-bottom:0px;--awb-margin-top-small:10px;--awb-margin-right-small:0px;--awb-margin-bottom-small:10px;--awb-margin-left-small:0px;\"><h2 class=\"fusion-title-heading title-heading-left fusion-responsive-typography-calculated\" style=\"margin:0;--fontSize:32;line-height:1.5;\"><h2>Brosch\u00fcren<\/h2><\/h2><\/div><div class=\"fusion-text fusion-text-1\"><p><a href=\"https:\/\/www.pillen.eu\/wp-content\/uploads\/2023\/11\/Spread-Pillen-Group-Paper-Full-service-Manufacturing-partner-EN-2305.pdf\" target=\"_blank\" rel=\"noopener noreferrer\">Pillen Group Paper| Full-service manufacturing partner<\/a><\/p>\n<p><a href=\"https:\/\/www.pillen.eu\/wp-content\/uploads\/2023\/11\/PILLEN_GROUP_PAPER_ENGLISH_DIGITAL.pdf\" target=\"_blank\" rel=\"noopener noreferrer\">Pillen Checkout Systems | Create Human Comfort and Save Energy<\/a><\/p>\n<p><a href=\"https:\/\/www.pillen.eu\/wp-content\/uploads\/2018\/06\/Pillen-Products-Br%C3%B6schure-DU.pdf\" target=\"_blank\" rel=\"noopener noreferrer\">Pillen Products<\/a><\/p>\n<\/div><div class=\"fusion-title title fusion-title-2 fusion-sep-none fusion-title-text fusion-title-size-two\" style=\"--awb-margin-bottom:0px;--awb-margin-top-small:10px;--awb-margin-right-small:0px;--awb-margin-bottom-small:10px;--awb-margin-left-small:0px;\"><h2 class=\"fusion-title-heading title-heading-left fusion-responsive-typography-calculated\" style=\"margin:0;--fontSize:32;line-height:1.5;\"><h2 class=\"fusion-responsive-typography-calculated\" data-fontsize=\"32\" data-lineheight=\"48px\">Allgemeine Gesch\u00e4ftsbedingungen<\/h2><\/h2><\/div><div class=\"fusion-text fusion-text-2\"><p><a href=\"https:\/\/www.pillen.eu\/wp-content\/uploads\/2025\/01\/Metaalunievoorwaarden-2025-Duits.pdf\" target=\"_blank\" rel=\"noopener noreferrer\">Allgemeine Gesch\u00e4ftsbedingungen der Metaalunie<\/a><\/p>\n<p><a href=\"https:\/\/www.pillen.eu\/wp-content\/uploads\/2025\/01\/Inkoopvoorwaarden-2021-Duits-A4.pdf\" target=\"_blank\" rel=\"noopener noreferrer\">Allgemeine Einkauf Bedingungen Pillen Group<\/a>*<\/p>\n<p><i>*Diese werden zus\u00e4tzlich mit den firmenspezifischen Bestellungen versendet.<\/i><\/p>\n<\/div><div class=\"fusion-clearfix\"><\/div><\/div><\/div><div class=\"fusion-layout-column fusion_builder_column fusion-builder-column-1 fusion_builder_column_1_2 1_2 fusion-one-half fusion-column-last\" style=\"--awb-bg-size:cover;width:50%;width:calc(50% - ( ( 4% ) * 0.5 ) );\"><div class=\"fusion-column-wrapper fusion-column-has-shadow fusion-flex-column-wrapper-legacy\"><div class=\"fusion-title title fusion-title-3 fusion-sep-none fusion-title-text fusion-title-size-two\" style=\"--awb-margin-bottom:0px;--awb-margin-top-small:10px;--awb-margin-right-small:0px;--awb-margin-bottom-small:10px;--awb-margin-left-small:0px;\"><h2 class=\"fusion-title-heading title-heading-left fusion-responsive-typography-calculated\" style=\"margin:0;--fontSize:32;line-height:1.5;\"><h2 class=\"fusion-responsive-typography-calculated\" data-fontsize=\"32\" data-lineheight=\"48px\">Zertifikate<\/h2><\/h2><\/div><div class=\"fusion-text fusion-text-3\"><p><strong>Pillen Precision<\/strong><\/p>\n<p><a href=\"https:\/\/www.pillen.eu\/wp-content\/uploads\/2022\/05\/Certificate-of-Approval-Pillen-Houdster-Groep-ISO9001-2015-LRQA.pdf\" target=\"_blank\" rel=\"noopener noreferrer\">LRQA\u00a0ISO 9001:2015<\/a><\/p>\n<p><a href=\"https:\/\/www.pillen.eu\/wp-content\/uploads\/2023\/11\/ISO14001_-Pillen-Houdster-Groep_00042073-EMS-ENGUS-UKAS.pdf\" target=\"_blank\" rel=\"noopener\">LRQA Register ISO 14001:2015<\/a><\/p>\n<p><a href=\"https:\/\/www.pillen.eu\/wp-content\/uploads\/2023\/02\/Pillen-G0304-certificaat-NL-LRQA-2022-2025.pdf\" target=\"_blank\" rel=\"noopener\">LRQA\u00a0G0304<\/a><\/p>\n<p><strong>Pillen Sheet Metal<\/strong><\/p>\n<p><a href=\"https:\/\/www.pillen.eu\/wp-content\/uploads\/2022\/05\/Certificate-of-Approval-Pillen-Houdster-Groep-ISO9001-2015-LRQA.pdf\" target=\"_blank\" rel=\"noopener noreferrer\">LRQA ISO 9001:2015<\/a><\/p>\n<p><a href=\"https:\/\/www.pillen.eu\/wp-content\/uploads\/2023\/11\/ISO14001_-Pillen-Houdster-Groep_00042073-EMS-ENGUS-UKAS.pdf\" target=\"_blank\" rel=\"noopener\">LRQA Register ISO 14001:2015<\/a><\/p>\n<p><strong>Pillen Industries<\/strong><\/p>\n<p><a href=\"https:\/\/www.pillen.eu\/wp-content\/uploads\/2022\/05\/Certificate-of-Approval-Pillen-Houdster-Groep-ISO9001-2015-LRQA.pdf\" target=\"_blank\" rel=\"noopener noreferrer\">LRQA ISO 9001:2015<\/a><\/p>\n<p><a href=\"https:\/\/www.pillen.eu\/wp-content\/uploads\/2023\/11\/ISO14001_-Pillen-Houdster-Groep_00042073-EMS-ENGUS-UKAS.pdf\" target=\"_blank\" rel=\"noopener\">LRQA Register ISO 14001:2015<\/a><\/p>\n<p><strong>AUKOM Zertifikate<\/strong><\/p>\n<p><a href=\"https:\/\/www.pillen.eu\/wp-content\/uploads\/2017\/12\/Pillen-Group-AUKOM-Certificaat-CMM-operator-AUKOM-Level1.pdf\" target=\"_blank\" rel=\"noopener noreferrer\">AUKOM Zertifikate CMM operator Level 1<\/a><\/p>\n<p><a href=\"https:\/\/www.pillen.eu\/wp-content\/uploads\/2017\/12\/Pillen-Group-AUKOM-Certificaat-CMM-user-Level2.pdf\" target=\"_blank\" rel=\"noopener noreferrer\">AUKOM\u00a0<\/a><a href=\"https:\/\/www.pillen.eu\/wp-content\/uploads\/2017\/12\/Pillen-Group-AUKOM-Certificaat-CMM-operator-AUKOM-Level1.pdf\" target=\"_blank\" rel=\"noopener noreferrer\">Zertifikate<\/a><a href=\"https:\/\/www.pillen.eu\/wp-content\/uploads\/2017\/12\/Pillen-Group-AUKOM-Certificaat-CMM-user-Level2.pdf\" target=\"_blank\" rel=\"noopener noreferrer\">\u00a0CMM user\u00a0Level 2<\/a><\/p>\n<p><a href=\"https:\/\/www.pillen.eu\/wp-content\/uploads\/2017\/12\/Pillen-Group-AUKOM-Certificaat-CMM-expert-Level3.pdf\" target=\"_blank\" rel=\"noopener noreferrer\">AUKOM\u00a0<\/a><a href=\"https:\/\/www.pillen.eu\/wp-content\/uploads\/2017\/12\/Pillen-Group-AUKOM-Certificaat-CMM-operator-AUKOM-Level1.pdf\" target=\"_blank\" rel=\"noopener noreferrer\">Zertifikate<\/a><a href=\"https:\/\/www.pillen.eu\/wp-content\/uploads\/2017\/12\/Pillen-Group-AUKOM-Certificaat-CMM-expert-Level3.pdf\" target=\"_blank\" rel=\"noopener noreferrer\">\u00a0CMM expert Level 3<\/a><\/p>\n<p><a href=\"https:\/\/www.pillen.eu\/wp-content\/uploads\/2017\/12\/Pillen-Group-AUKOM-Certificaat-GDT.pdf\" target=\"_blank\" rel=\"noopener noreferrer\">AUKOM\u00a0<\/a><a href=\"https:\/\/www.pillen.eu\/wp-content\/uploads\/2017\/12\/Pillen-Group-AUKOM-Certificaat-CMM-operator-AUKOM-Level1.pdf\" target=\"_blank\" rel=\"noopener noreferrer\">Zertifikate<\/a><a href=\"https:\/\/www.pillen.eu\/wp-content\/uploads\/2017\/12\/Pillen-Group-AUKOM-Certificaat-GDT.pdf\" target=\"_blank\" rel=\"noopener noreferrer\">\u00a0GD&amp;T<\/a><\/p>\n<\/div><div class=\"fusion-clearfix\"><\/div><\/div><\/div><\/div><\/div>\n","protected":false},"excerpt":{"rendered":"","protected":false},"author":1,"featured_media":0,"parent":0,"menu_order":310,"comment_status":"closed","ping_status":"closed","template":"","meta":{"footnotes":""},"class_list":["post-1431","page","type-page","status-publish","hentry"],"yoast_head":"<!-- This site is optimized with the Yoast SEO plugin v27.3 - https:\/\/yoast.com\/product\/yoast-seo-wordpress\/ -->\n<title>Downloads - Pillen Group<\/title>\n<meta name=\"description\" content=\"Hier finden Sie unsere Downloads f\u00fcr Brosch\u00fcren, Allgemeine Gesch\u00e4ftsbedingungen und Zertifikate unserer verschiedenen Unternehmen.\" \/>\n<meta name=\"robots\" content=\"index, follow, max-snippet:-1, max-image-preview:large, max-video-preview:-1\" \/>\n<link rel=\"canonical\" href=\"https:\/\/www.pillen.eu\/de\/downloads\/\" \/>\n<meta property=\"og:locale\" content=\"de_DE\" \/>\n<meta property=\"og:type\" content=\"article\" \/>\n<meta property=\"og:title\" content=\"Downloads - Pillen Group\" \/>\n<meta property=\"og:description\" content=\"Hier finden Sie unsere Downloads f\u00fcr Brosch\u00fcren, Allgemeine Gesch\u00e4ftsbedingungen und Zertifikate unserer verschiedenen Unternehmen.\" \/>\n<meta property=\"og:url\" content=\"https:\/\/www.pillen.eu\/de\/downloads\/\" \/>\n<meta property=\"og:site_name\" content=\"Pillen Group\" \/>\n<meta property=\"article:modified_time\" content=\"2025-01-14T19:19:26+00:00\" \/>\n<meta name=\"twitter:card\" content=\"summary_large_image\" \/>\n<meta name=\"twitter:label1\" content=\"Gesch\u00e4tzte Lesezeit\" \/>\n\t<meta name=\"twitter:data1\" content=\"1\u00a0Minute\" \/>\n<script type=\"application\/ld+json\" class=\"yoast-schema-graph\">{\"@context\":\"https:\\\/\\\/schema.org\",\"@graph\":[{\"@type\":\"WebPage\",\"@id\":\"https:\\\/\\\/www.pillen.eu\\\/de\\\/downloads\\\/\",\"url\":\"https:\\\/\\\/www.pillen.eu\\\/de\\\/downloads\\\/\",\"name\":\"Downloads - Pillen Group\",\"isPartOf\":{\"@id\":\"https:\\\/\\\/www.pillen.eu\\\/#website\"},\"datePublished\":\"2018-05-18T18:23:17+00:00\",\"dateModified\":\"2025-01-14T19:19:26+00:00\",\"description\":\"Hier finden Sie unsere Downloads f\u00fcr Brosch\u00fcren, Allgemeine Gesch\u00e4ftsbedingungen und Zertifikate unserer verschiedenen Unternehmen.\",\"breadcrumb\":{\"@id\":\"https:\\\/\\\/www.pillen.eu\\\/de\\\/downloads\\\/#breadcrumb\"},\"inLanguage\":\"de\",\"potentialAction\":[{\"@type\":\"ReadAction\",\"target\":[\"https:\\\/\\\/www.pillen.eu\\\/de\\\/downloads\\\/\"]}]},{\"@type\":\"BreadcrumbList\",\"@id\":\"https:\\\/\\\/www.pillen.eu\\\/de\\\/downloads\\\/#breadcrumb\",\"itemListElement\":[{\"@type\":\"ListItem\",\"position\":1,\"name\":\"Home\",\"item\":\"https:\\\/\\\/www.pillen.eu\\\/de\\\/\"},{\"@type\":\"ListItem\",\"position\":2,\"name\":\"Downloads\"}]},{\"@type\":\"WebSite\",\"@id\":\"https:\\\/\\\/www.pillen.eu\\\/#website\",\"url\":\"https:\\\/\\\/www.pillen.eu\\\/\",\"name\":\"Pillen Group\",\"description\":\"(IM)possible, let&#039;s make it!\",\"publisher\":{\"@id\":\"https:\\\/\\\/www.pillen.eu\\\/#organization\"},\"potentialAction\":[{\"@type\":\"SearchAction\",\"target\":{\"@type\":\"EntryPoint\",\"urlTemplate\":\"https:\\\/\\\/www.pillen.eu\\\/?s={search_term_string}\"},\"query-input\":{\"@type\":\"PropertyValueSpecification\",\"valueRequired\":true,\"valueName\":\"search_term_string\"}}],\"inLanguage\":\"de\"},{\"@type\":\"Organization\",\"@id\":\"https:\\\/\\\/www.pillen.eu\\\/#organization\",\"name\":\"Pillen Group\",\"url\":\"https:\\\/\\\/www.pillen.eu\\\/\",\"logo\":{\"@type\":\"ImageObject\",\"inLanguage\":\"de\",\"@id\":\"https:\\\/\\\/www.pillen.eu\\\/#\\\/schema\\\/logo\\\/image\\\/\",\"url\":\"https:\\\/\\\/www.pillen.eu\\\/wp-content\\\/uploads\\\/2022\\\/09\\\/Pillen-Group-logo-horizontaal.jpg\",\"contentUrl\":\"https:\\\/\\\/www.pillen.eu\\\/wp-content\\\/uploads\\\/2022\\\/09\\\/Pillen-Group-logo-horizontaal.jpg\",\"width\":750,\"height\":398,\"caption\":\"Pillen Group\"},\"image\":{\"@id\":\"https:\\\/\\\/www.pillen.eu\\\/#\\\/schema\\\/logo\\\/image\\\/\"},\"sameAs\":[\"https:\\\/\\\/nl.linkedin.com\\\/company\\\/pillen-group-lichtenvoorde\"]}]}<\/script>\n<!-- \/ Yoast SEO plugin. -->","yoast_head_json":{"title":"Downloads - Pillen Group","description":"Hier finden Sie unsere Downloads f\u00fcr Brosch\u00fcren, Allgemeine Gesch\u00e4ftsbedingungen und Zertifikate unserer verschiedenen Unternehmen.","robots":{"index":"index","follow":"follow","max-snippet":"max-snippet:-1","max-image-preview":"max-image-preview:large","max-video-preview":"max-video-preview:-1"},"canonical":"https:\/\/www.pillen.eu\/de\/downloads\/","og_locale":"de_DE","og_type":"article","og_title":"Downloads - Pillen Group","og_description":"Hier finden Sie unsere Downloads f\u00fcr Brosch\u00fcren, Allgemeine Gesch\u00e4ftsbedingungen und Zertifikate unserer verschiedenen Unternehmen.","og_url":"https:\/\/www.pillen.eu\/de\/downloads\/","og_site_name":"Pillen Group","article_modified_time":"2025-01-14T19:19:26+00:00","twitter_card":"summary_large_image","twitter_misc":{"Gesch\u00e4tzte Lesezeit":"1\u00a0Minute"},"schema":{"@context":"https:\/\/schema.org","@graph":[{"@type":"WebPage","@id":"https:\/\/www.pillen.eu\/de\/downloads\/","url":"https:\/\/www.pillen.eu\/de\/downloads\/","name":"Downloads - Pillen Group","isPartOf":{"@id":"https:\/\/www.pillen.eu\/#website"},"datePublished":"2018-05-18T18:23:17+00:00","dateModified":"2025-01-14T19:19:26+00:00","description":"Hier finden Sie unsere Downloads f\u00fcr Brosch\u00fcren, Allgemeine Gesch\u00e4ftsbedingungen und Zertifikate unserer verschiedenen Unternehmen.","breadcrumb":{"@id":"https:\/\/www.pillen.eu\/de\/downloads\/#breadcrumb"},"inLanguage":"de","potentialAction":[{"@type":"ReadAction","target":["https:\/\/www.pillen.eu\/de\/downloads\/"]}]},{"@type":"BreadcrumbList","@id":"https:\/\/www.pillen.eu\/de\/downloads\/#breadcrumb","itemListElement":[{"@type":"ListItem","position":1,"name":"Home","item":"https:\/\/www.pillen.eu\/de\/"},{"@type":"ListItem","position":2,"name":"Downloads"}]},{"@type":"WebSite","@id":"https:\/\/www.pillen.eu\/#website","url":"https:\/\/www.pillen.eu\/","name":"Pillen Group","description":"(IM)possible, let&#039;s make it!","publisher":{"@id":"https:\/\/www.pillen.eu\/#organization"},"potentialAction":[{"@type":"SearchAction","target":{"@type":"EntryPoint","urlTemplate":"https:\/\/www.pillen.eu\/?s={search_term_string}"},"query-input":{"@type":"PropertyValueSpecification","valueRequired":true,"valueName":"search_term_string"}}],"inLanguage":"de"},{"@type":"Organization","@id":"https:\/\/www.pillen.eu\/#organization","name":"Pillen Group","url":"https:\/\/www.pillen.eu\/","logo":{"@type":"ImageObject","inLanguage":"de","@id":"https:\/\/www.pillen.eu\/#\/schema\/logo\/image\/","url":"https:\/\/www.pillen.eu\/wp-content\/uploads\/2022\/09\/Pillen-Group-logo-horizontaal.jpg","contentUrl":"https:\/\/www.pillen.eu\/wp-content\/uploads\/2022\/09\/Pillen-Group-logo-horizontaal.jpg","width":750,"height":398,"caption":"Pillen Group"},"image":{"@id":"https:\/\/www.pillen.eu\/#\/schema\/logo\/image\/"},"sameAs":["https:\/\/nl.linkedin.com\/company\/pillen-group-lichtenvoorde"]}]}},"_links":{"self":[{"href":"https:\/\/www.pillen.eu\/de\/wp-json\/wp\/v2\/pages\/1431","targetHints":{"allow":["GET"]}}],"collection":[{"href":"https:\/\/www.pillen.eu\/de\/wp-json\/wp\/v2\/pages"}],"about":[{"href":"https:\/\/www.pillen.eu\/de\/wp-json\/wp\/v2\/types\/page"}],"author":[{"embeddable":true,"href":"https:\/\/www.pillen.eu\/de\/wp-json\/wp\/v2\/users\/1"}],"replies":[{"embeddable":true,"href":"https:\/\/www.pillen.eu\/de\/wp-json\/wp\/v2\/comments?post=1431"}],"version-history":[{"count":3,"href":"https:\/\/www.pillen.eu\/de\/wp-json\/wp\/v2\/pages\/1431\/revisions"}],"predecessor-version":[{"id":75521,"href":"https:\/\/www.pillen.eu\/de\/wp-json\/wp\/v2\/pages\/1431\/revisions\/75521"}],"wp:attachment":[{"href":"https:\/\/www.pillen.eu\/de\/wp-json\/wp\/v2\/media?parent=1431"}],"curies":[{"name":"wp","href":"https:\/\/api.w.org\/{rel}","templated":true}]}}